{"id":778,"date":"2024-07-13T17:29:19","date_gmt":"2024-07-13T17:29:19","guid":{"rendered":"https:\/\/bkfdeca.com\/?page_id=778"},"modified":"2024-07-23T21:54:08","modified_gmt":"2024-07-23T21:54:08","slug":"videos-drill-brush","status":"publish","type":"page","link":"https:\/\/bkfdeca.com\/index.php\/videos-drill-brush\/","title":{"rendered":"Videos Drill Brush"},"content":{"rendered":"\t\t<div data-elementor-type=\"wp-page\" data-elementor-id=\"778\" class=\"elementor elementor-778\" data-elementor-post-type=\"page\">\n\t\t\t\t\t\t<section class=\"elementor-section elementor-top-section elementor-element elementor-element-d5c7cca elementor-section-boxed elementor-section-height-default elementor-section-height-default\" data-id=\"d5c7cca\" data-element_type=\"section\" data-e-type=\"section\">\n\t\t\t\t\t\t<div class=\"elementor-container elementor-column-gap-default\">\n\t\t\t\t\t<div class=\"elementor-column elementor-col-100 elementor-top-column elementor-element elementor-element-e8ac2e0\" data-id=\"e8ac2e0\" data-element_type=\"column\" data-e-type=\"column\">\n\t\t\t<div class=\"elementor-widget-wrap elementor-element-populated\">\n\t\t\t\t\t\t<div class=\"elementor-element elementor-element-b0511a8 elementor-widget elementor-widget-spacer\" data-id=\"b0511a8\" data-element_type=\"widget\" data-e-type=\"widget\" data-widget_type=\"spacer.default\">\n\t\t\t\t<div class=\"elementor-widget-container\">\n\t\t\t\t\t\t\t<div class=\"elementor-spacer\">\n\t\t\t<div class=\"elementor-spacer-inner\"><\/div>\n\t\t<\/div>\n\t\t\t\t\t\t<\/div>\n\t\t\t\t<\/div>\n\t\t\t\t\t<\/div>\n\t\t<\/div>\n\t\t\t\t\t<\/div>\n\t\t<\/section>\n\t\t\t\t<section class=\"elementor-section elementor-top-section elementor-element elementor-element-f112f2c elementor-section-boxed elementor-section-height-default elementor-section-height-default\" data-id=\"f112f2c\" data-element_type=\"section\" data-e-type=\"section\">\n\t\t\t\t\t\t<div class=\"elementor-container elementor-column-gap-default\">\n\t\t\t\t\t<div class=\"elementor-column elementor-col-100 elementor-top-column elementor-element elementor-element-4ea6798\" data-id=\"4ea6798\" data-element_type=\"column\" data-e-type=\"column\">\n\t\t\t<div class=\"elementor-widget-wrap elementor-element-populated\">\n\t\t\t\t\t\t<div class=\"elementor-element elementor-element-a3f5f3c elementor-widget elementor-widget-heading\" data-id=\"a3f5f3c\" data-element_type=\"widget\" data-e-type=\"widget\" data-widget_type=\"heading.default\">\n\t\t\t\t<div class=\"elementor-widget-container\">\n\t\t\t\t\t<h2 class=\"elementor-heading-title elementor-size-default\">Videos Drill Brush<\/h2>\t\t\t\t<\/div>\n\t\t\t\t<\/div>\n\t\t\t\t\t<\/div>\n\t\t<\/div>\n\t\t\t\t\t<\/div>\n\t\t<\/section>\n\t\t\t\t<section class=\"elementor-section elementor-top-section elementor-element elementor-element-7fdc63c elementor-section-boxed elementor-section-height-default elementor-section-height-default\" data-id=\"7fdc63c\" data-element_type=\"section\" data-e-type=\"section\">\n\t\t\t\t\t\t<div class=\"elementor-container elementor-column-gap-default\">\n\t\t\t\t\t<div class=\"elementor-column elementor-col-50 elementor-top-column elementor-element elementor-element-68e2116\" data-id=\"68e2116\" data-element_type=\"column\" data-e-type=\"column\">\n\t\t\t<div class=\"elementor-widget-wrap elementor-element-populated\">\n\t\t\t\t\t\t<div class=\"elementor-element elementor-element-75c7b7a elementor-widget elementor-widget-video\" data-id=\"75c7b7a\" data-element_type=\"widget\" data-e-type=\"widget\" data-settings=\"{&quot;youtube_url&quot;:&quot;https:\\\/\\\/youtu.be\\\/XYtJq4IyYYI?si=vEtYzlK5TSwCNgnE&quot;,&quot;video_type&quot;:&quot;youtube&quot;,&quot;controls&quot;:&quot;yes&quot;}\" data-widget_type=\"video.default\">\n\t\t\t\t<div class=\"elementor-widget-container\">\n\t\t\t\t\t\t\t<div class=\"elementor-wrapper elementor-open-inline\">\n\t\t\t<div class=\"elementor-video\"><\/div>\t\t<\/div>\n\t\t\t\t\t\t<\/div>\n\t\t\t\t<\/div>\n\t\t\t\t\t<\/div>\n\t\t<\/div>\n\t\t\t\t<div class=\"elementor-column elementor-col-50 elementor-top-column elementor-element elementor-element-620d357\" data-id=\"620d357\" data-element_type=\"column\" data-e-type=\"column\">\n\t\t\t<div class=\"elementor-widget-wrap elementor-element-populated\">\n\t\t\t\t\t\t<div class=\"elementor-element elementor-element-11cc0d2 elementor-widget elementor-widget-video\" data-id=\"11cc0d2\" data-element_type=\"widget\" data-e-type=\"widget\" data-settings=\"{&quot;youtube_url&quot;:&quot;https:\\\/\\\/youtu.be\\\/tAgmrFqSj2o?si=tyaU3As8H-6CZmIP&quot;,&quot;video_type&quot;:&quot;youtube&quot;,&quot;controls&quot;:&quot;yes&quot;}\" data-widget_type=\"video.default\">\n\t\t\t\t<div class=\"elementor-widget-container\">\n\t\t\t\t\t\t\t<div class=\"elementor-wrapper elementor-open-inline\">\n\t\t\t<div class=\"elementor-video\"><\/div>\t\t<\/div>\n\t\t\t\t\t\t<\/div>\n\t\t\t\t<\/div>\n\t\t\t\t\t<\/div>\n\t\t<\/div>\n\t\t\t\t\t<\/div>\n\t\t<\/section>\n\t\t\t\t<section class=\"elementor-section elementor-top-section elementor-element elementor-element-bb013c7 elementor-section-boxed elementor-section-height-default elementor-section-height-default\" data-id=\"bb013c7\" data-element_type=\"section\" data-e-type=\"section\">\n\t\t\t\t\t\t<div class=\"elementor-container elementor-column-gap-default\">\n\t\t\t\t\t<div class=\"elementor-column elementor-col-100 elementor-top-column elementor-element elementor-element-e4efc97\" data-id=\"e4efc97\" data-element_type=\"column\" data-e-type=\"column\">\n\t\t\t<div class=\"elementor-widget-wrap elementor-element-populated\">\n\t\t\t\t\t\t<div class=\"elementor-element elementor-element-d9c463b elementor-widget elementor-widget-spacer\" data-id=\"d9c463b\" data-element_type=\"widget\" data-e-type=\"widget\" data-widget_type=\"spacer.default\">\n\t\t\t\t<div class=\"elementor-widget-container\">\n\t\t\t\t\t\t\t<div class=\"elementor-spacer\">\n\t\t\t<div class=\"elementor-spacer-inner\"><\/div>\n\t\t<\/div>\n\t\t\t\t\t\t<\/div>\n\t\t\t\t<\/div>\n\t\t\t\t\t<\/div>\n\t\t<\/div>\n\t\t\t\t\t<\/div>\n\t\t<\/section>\n\t\t\t\t<\/div>\n\t\t","protected":false},"excerpt":{"rendered":"<p>Videos Drill Brush<\/p>\n","protected":false},"author":1,"featured_media":0,"parent":0,"menu_order":0,"comment_status":"closed","ping_status":"closed","template":"elementor_header_footer","meta":{"footnotes":""},"class_list":["post-778","page","type-page","status-publish"],"yoast_head":"<!-- This site is optimized with the Yoast SEO plugin v27.4 - https:\/\/yoast.com\/product\/yoast-seo-wordpress\/ -->\n<title>Videos Drill Brush - JPS<\/title>\n<meta name=\"robots\" content=\"index, follow, max-snippet:-1, max-image-preview:large, max-video-preview:-1\" \/>\n<link rel=\"canonical\" href=\"https:\/\/bkfdeca.com\/index.php\/videos-drill-brush\/\" \/>\n<meta property=\"og:locale\" content=\"es_ES\" \/>\n<meta property=\"og:type\" content=\"article\" \/>\n<meta property=\"og:title\" content=\"Videos Drill Brush - JPS\" \/>\n<meta property=\"og:description\" content=\"Videos Drill Brush\" \/>\n<meta property=\"og:url\" content=\"https:\/\/bkfdeca.com\/index.php\/videos-drill-brush\/\" \/>\n<meta property=\"og:site_name\" content=\"JPS\" \/>\n<meta property=\"article:publisher\" content=\"https:\/\/www.facebook.com\/bkfcostarica?mibextid=ZbWKwL\" \/>\n<meta property=\"article:modified_time\" content=\"2024-07-23T21:54:08+00:00\" \/>\n<meta property=\"og:image\" content=\"https:\/\/bkfdeca.com\/wp-content\/uploads\/2024\/06\/IMG-20240617-WA0038-e1718738935855.jpg\" \/>\n\t<meta property=\"og:image:width\" content=\"874\" \/>\n\t<meta property=\"og:image:height\" content=\"676\" \/>\n\t<meta property=\"og:image:type\" content=\"image\/jpeg\" \/>\n<meta name=\"twitter:card\" content=\"summary_large_image\" \/>\n<meta name=\"twitter:label1\" content=\"Tiempo de lectura\" \/>\n\t<meta name=\"twitter:data1\" content=\"1 minuto\" \/>\n<script type=\"application\/ld+json\" class=\"yoast-schema-graph\">{\"@context\":\"https:\\\/\\\/schema.org\",\"@graph\":[{\"@type\":\"WebPage\",\"@id\":\"https:\\\/\\\/bkfdeca.com\\\/index.php\\\/videos-drill-brush\\\/\",\"url\":\"https:\\\/\\\/bkfdeca.com\\\/index.php\\\/videos-drill-brush\\\/\",\"name\":\"Videos Drill Brush - JPS\",\"isPartOf\":{\"@id\":\"https:\\\/\\\/bkfdeca.com\\\/#website\"},\"datePublished\":\"2024-07-13T17:29:19+00:00\",\"dateModified\":\"2024-07-23T21:54:08+00:00\",\"breadcrumb\":{\"@id\":\"https:\\\/\\\/bkfdeca.com\\\/index.php\\\/videos-drill-brush\\\/#breadcrumb\"},\"inLanguage\":\"es\",\"potentialAction\":[{\"@type\":\"ReadAction\",\"target\":[\"https:\\\/\\\/bkfdeca.com\\\/index.php\\\/videos-drill-brush\\\/\"]}]},{\"@type\":\"BreadcrumbList\",\"@id\":\"https:\\\/\\\/bkfdeca.com\\\/index.php\\\/videos-drill-brush\\\/#breadcrumb\",\"itemListElement\":[{\"@type\":\"ListItem\",\"position\":1,\"name\":\"Portada\",\"item\":\"https:\\\/\\\/bkfdeca.com\\\/\"},{\"@type\":\"ListItem\",\"position\":2,\"name\":\"Videos Drill Brush\"}]},{\"@type\":\"WebSite\",\"@id\":\"https:\\\/\\\/bkfdeca.com\\\/#website\",\"url\":\"https:\\\/\\\/bkfdeca.com\\\/\",\"name\":\"JPS\",\"description\":\"La empresa costarricense Jotape Soluciones fue creada en setiembre del a\u00f1o 2022 para continuar con la comercializaci\u00f3n y distribuci\u00f3n de los productos de limpieza estadounidenses marca Bar Keepers Friend y de los cepillos y felpas para taladros inal\u00e1mbricos marca DrillBrush.\u200b\",\"publisher\":{\"@id\":\"https:\\\/\\\/bkfdeca.com\\\/#organization\"},\"alternateName\":\"bkf\",\"potentialAction\":[{\"@type\":\"SearchAction\",\"target\":{\"@type\":\"EntryPoint\",\"urlTemplate\":\"https:\\\/\\\/bkfdeca.com\\\/?s={search_term_string}\"},\"query-input\":{\"@type\":\"PropertyValueSpecification\",\"valueRequired\":true,\"valueName\":\"search_term_string\"}}],\"inLanguage\":\"es\"},{\"@type\":\"Organization\",\"@id\":\"https:\\\/\\\/bkfdeca.com\\\/#organization\",\"name\":\"JPS\",\"alternateName\":\"BKF\",\"url\":\"https:\\\/\\\/bkfdeca.com\\\/\",\"logo\":{\"@type\":\"ImageObject\",\"inLanguage\":\"es\",\"@id\":\"https:\\\/\\\/bkfdeca.com\\\/#\\\/schema\\\/logo\\\/image\\\/\",\"url\":\"https:\\\/\\\/bkfdeca.com\\\/wp-content\\\/uploads\\\/2024\\\/06\\\/IMG-20240617-WA0038-e1718738935855.jpg\",\"contentUrl\":\"https:\\\/\\\/bkfdeca.com\\\/wp-content\\\/uploads\\\/2024\\\/06\\\/IMG-20240617-WA0038-e1718738935855.jpg\",\"width\":874,\"height\":676,\"caption\":\"JPS\"},\"image\":{\"@id\":\"https:\\\/\\\/bkfdeca.com\\\/#\\\/schema\\\/logo\\\/image\\\/\"},\"sameAs\":[\"https:\\\/\\\/www.facebook.com\\\/bkfcostarica?mibextid=ZbWKwL\",\"https:\\\/\\\/www.instagram.com\\\/bkfcostarica?igsh=a2I5YmdkcG0za3J5\"]}]}<\/script>\n<!-- \/ Yoast SEO plugin. -->","yoast_head_json":{"title":"Videos Drill Brush - JPS","robots":{"index":"index","follow":"follow","max-snippet":"max-snippet:-1","max-image-preview":"max-image-preview:large","max-video-preview":"max-video-preview:-1"},"canonical":"https:\/\/bkfdeca.com\/index.php\/videos-drill-brush\/","og_locale":"es_ES","og_type":"article","og_title":"Videos Drill Brush - JPS","og_description":"Videos Drill Brush","og_url":"https:\/\/bkfdeca.com\/index.php\/videos-drill-brush\/","og_site_name":"JPS","article_publisher":"https:\/\/www.facebook.com\/bkfcostarica?mibextid=ZbWKwL","article_modified_time":"2024-07-23T21:54:08+00:00","og_image":[{"width":874,"height":676,"url":"https:\/\/bkfdeca.com\/wp-content\/uploads\/2024\/06\/IMG-20240617-WA0038-e1718738935855.jpg","type":"image\/jpeg"}],"twitter_card":"summary_large_image","twitter_misc":{"Tiempo de lectura":"1 minuto"},"schema":{"@context":"https:\/\/schema.org","@graph":[{"@type":"WebPage","@id":"https:\/\/bkfdeca.com\/index.php\/videos-drill-brush\/","url":"https:\/\/bkfdeca.com\/index.php\/videos-drill-brush\/","name":"Videos Drill Brush - JPS","isPartOf":{"@id":"https:\/\/bkfdeca.com\/#website"},"datePublished":"2024-07-13T17:29:19+00:00","dateModified":"2024-07-23T21:54:08+00:00","breadcrumb":{"@id":"https:\/\/bkfdeca.com\/index.php\/videos-drill-brush\/#breadcrumb"},"inLanguage":"es","potentialAction":[{"@type":"ReadAction","target":["https:\/\/bkfdeca.com\/index.php\/videos-drill-brush\/"]}]},{"@type":"BreadcrumbList","@id":"https:\/\/bkfdeca.com\/index.php\/videos-drill-brush\/#breadcrumb","itemListElement":[{"@type":"ListItem","position":1,"name":"Portada","item":"https:\/\/bkfdeca.com\/"},{"@type":"ListItem","position":2,"name":"Videos Drill Brush"}]},{"@type":"WebSite","@id":"https:\/\/bkfdeca.com\/#website","url":"https:\/\/bkfdeca.com\/","name":"JPS","description":"La empresa costarricense Jotape Soluciones fue creada en setiembre del a\u00f1o 2022 para continuar con la comercializaci\u00f3n y distribuci\u00f3n de los productos de limpieza estadounidenses marca Bar Keepers Friend y de los cepillos y felpas para taladros inal\u00e1mbricos marca DrillBrush.\u200b","publisher":{"@id":"https:\/\/bkfdeca.com\/#organization"},"alternateName":"bkf","potentialAction":[{"@type":"SearchAction","target":{"@type":"EntryPoint","urlTemplate":"https:\/\/bkfdeca.com\/?s={search_term_string}"},"query-input":{"@type":"PropertyValueSpecification","valueRequired":true,"valueName":"search_term_string"}}],"inLanguage":"es"},{"@type":"Organization","@id":"https:\/\/bkfdeca.com\/#organization","name":"JPS","alternateName":"BKF","url":"https:\/\/bkfdeca.com\/","logo":{"@type":"ImageObject","inLanguage":"es","@id":"https:\/\/bkfdeca.com\/#\/schema\/logo\/image\/","url":"https:\/\/bkfdeca.com\/wp-content\/uploads\/2024\/06\/IMG-20240617-WA0038-e1718738935855.jpg","contentUrl":"https:\/\/bkfdeca.com\/wp-content\/uploads\/2024\/06\/IMG-20240617-WA0038-e1718738935855.jpg","width":874,"height":676,"caption":"JPS"},"image":{"@id":"https:\/\/bkfdeca.com\/#\/schema\/logo\/image\/"},"sameAs":["https:\/\/www.facebook.com\/bkfcostarica?mibextid=ZbWKwL","https:\/\/www.instagram.com\/bkfcostarica?igsh=a2I5YmdkcG0za3J5"]}]}},"_links":{"self":[{"href":"https:\/\/bkfdeca.com\/index.php\/wp-json\/wp\/v2\/pages\/778","targetHints":{"allow":["GET"]}}],"collection":[{"href":"https:\/\/bkfdeca.com\/index.php\/wp-json\/wp\/v2\/pages"}],"about":[{"href":"https:\/\/bkfdeca.com\/index.php\/wp-json\/wp\/v2\/types\/page"}],"author":[{"embeddable":true,"href":"https:\/\/bkfdeca.com\/index.php\/wp-json\/wp\/v2\/users\/1"}],"replies":[{"embeddable":true,"href":"https:\/\/bkfdeca.com\/index.php\/wp-json\/wp\/v2\/comments?post=778"}],"version-history":[{"count":4,"href":"https:\/\/bkfdeca.com\/index.php\/wp-json\/wp\/v2\/pages\/778\/revisions"}],"predecessor-version":[{"id":967,"href":"https:\/\/bkfdeca.com\/index.php\/wp-json\/wp\/v2\/pages\/778\/revisions\/967"}],"wp:attachment":[{"href":"https:\/\/bkfdeca.com\/index.php\/wp-json\/wp\/v2\/media?parent=778"}],"curies":[{"name":"wp","href":"https:\/\/api.w.org\/{rel}","templated":true}]}}