{"id":776,"date":"2024-07-13T17:28:27","date_gmt":"2024-07-13T17:28:27","guid":{"rendered":"https:\/\/bkfdeca.com\/?page_id=776"},"modified":"2024-07-23T21:56:15","modified_gmt":"2024-07-23T21:56:15","slug":"videos-bar-keepers-friend","status":"publish","type":"page","link":"https:\/\/bkfdeca.com\/index.php\/videos-bar-keepers-friend\/","title":{"rendered":"Videos Bar Keepers Friend"},"content":{"rendered":"\t\t<div data-elementor-type=\"wp-page\" data-elementor-id=\"776\" class=\"elementor elementor-776\" data-elementor-post-type=\"page\">\n\t\t\t\t\t\t<section class=\"elementor-section elementor-top-section elementor-element elementor-element-bce912c elementor-section-boxed elementor-section-height-default elementor-section-height-default\" data-id=\"bce912c\" data-element_type=\"section\" data-e-type=\"section\">\n\t\t\t\t\t\t<div class=\"elementor-container elementor-column-gap-default\">\n\t\t\t\t\t<div class=\"elementor-column elementor-col-100 elementor-top-column elementor-element elementor-element-dce1b02\" data-id=\"dce1b02\" data-element_type=\"column\" data-e-type=\"column\">\n\t\t\t<div class=\"elementor-widget-wrap elementor-element-populated\">\n\t\t\t\t\t\t\t<\/div>\n\t\t<\/div>\n\t\t\t\t\t<\/div>\n\t\t<\/section>\n\t\t\t\t<section class=\"elementor-section elementor-top-section elementor-element elementor-element-8e17cb7 elementor-section-boxed elementor-section-height-default elementor-section-height-default\" data-id=\"8e17cb7\" data-element_type=\"section\" data-e-type=\"section\">\n\t\t\t\t\t\t<div class=\"elementor-container elementor-column-gap-default\">\n\t\t\t\t\t<div class=\"elementor-column elementor-col-100 elementor-top-column elementor-element elementor-element-f174746\" data-id=\"f174746\" data-element_type=\"column\" data-e-type=\"column\">\n\t\t\t<div class=\"elementor-widget-wrap elementor-element-populated\">\n\t\t\t\t\t\t<div class=\"elementor-element elementor-element-2fbec64 elementor-widget elementor-widget-spacer\" data-id=\"2fbec64\" data-element_type=\"widget\" data-e-type=\"widget\" data-widget_type=\"spacer.default\">\n\t\t\t\t<div class=\"elementor-widget-container\">\n\t\t\t\t\t\t\t<div class=\"elementor-spacer\">\n\t\t\t<div class=\"elementor-spacer-inner\"><\/div>\n\t\t<\/div>\n\t\t\t\t\t\t<\/div>\n\t\t\t\t<\/div>\n\t\t\t\t<div class=\"elementor-element elementor-element-36214bc elementor-invisible elementor-widget elementor-widget-heading\" data-id=\"36214bc\" data-element_type=\"widget\" data-e-type=\"widget\" data-settings=\"{&quot;_animation&quot;:&quot;fadeIn&quot;}\" data-widget_type=\"heading.default\">\n\t\t\t\t<div class=\"elementor-widget-container\">\n\t\t\t\t\t<h2 class=\"elementor-heading-title elementor-size-default\">Videos Bar Keepers Friend<\/h2>\t\t\t\t<\/div>\n\t\t\t\t<\/div>\n\t\t\t\t\t<\/div>\n\t\t<\/div>\n\t\t\t\t\t<\/div>\n\t\t<\/section>\n\t\t\t\t<section class=\"elementor-section elementor-top-section elementor-element elementor-element-d144fc1 elementor-section-boxed elementor-section-height-default elementor-section-height-default\" data-id=\"d144fc1\" data-element_type=\"section\" data-e-type=\"section\">\n\t\t\t\t\t\t<div class=\"elementor-container elementor-column-gap-default\">\n\t\t\t\t\t<div class=\"elementor-column elementor-col-33 elementor-top-column elementor-element elementor-element-42eae53\" data-id=\"42eae53\" data-element_type=\"column\" data-e-type=\"column\">\n\t\t\t<div class=\"elementor-widget-wrap elementor-element-populated\">\n\t\t\t\t\t\t<div class=\"elementor-element elementor-element-e2113a0 elementor-widget elementor-widget-video\" data-id=\"e2113a0\" data-element_type=\"widget\" data-e-type=\"widget\" data-settings=\"{&quot;youtube_url&quot;:&quot;https:\\\/\\\/youtu.be\\\/pJnaLmR7oyg?si=lI6UxXb2gx1pLNo6&quot;,&quot;video_type&quot;:&quot;youtube&quot;,&quot;controls&quot;:&quot;yes&quot;}\" data-widget_type=\"video.default\">\n\t\t\t\t<div class=\"elementor-widget-container\">\n\t\t\t\t\t\t\t<div class=\"elementor-wrapper elementor-open-inline\">\n\t\t\t<div class=\"elementor-video\"><\/div>\t\t<\/div>\n\t\t\t\t\t\t<\/div>\n\t\t\t\t<\/div>\n\t\t\t\t\t<\/div>\n\t\t<\/div>\n\t\t\t\t<div class=\"elementor-column elementor-col-33 elementor-top-column elementor-element elementor-element-eeb56e6\" data-id=\"eeb56e6\" data-element_type=\"column\" data-e-type=\"column\">\n\t\t\t<div class=\"elementor-widget-wrap elementor-element-populated\">\n\t\t\t\t\t\t<div class=\"elementor-element elementor-element-5bcf433 elementor-widget elementor-widget-video\" data-id=\"5bcf433\" data-element_type=\"widget\" data-e-type=\"widget\" data-settings=\"{&quot;youtube_url&quot;:&quot;https:\\\/\\\/youtu.be\\\/pjEJhm9sT5g?si=SFSgtBMhu4WiMLwr&quot;,&quot;video_type&quot;:&quot;youtube&quot;,&quot;controls&quot;:&quot;yes&quot;}\" data-widget_type=\"video.default\">\n\t\t\t\t<div class=\"elementor-widget-container\">\n\t\t\t\t\t\t\t<div class=\"elementor-wrapper elementor-open-inline\">\n\t\t\t<div class=\"elementor-video\"><\/div>\t\t<\/div>\n\t\t\t\t\t\t<\/div>\n\t\t\t\t<\/div>\n\t\t\t\t\t<\/div>\n\t\t<\/div>\n\t\t\t\t<div class=\"elementor-column elementor-col-33 elementor-top-column elementor-element elementor-element-ab844ad\" data-id=\"ab844ad\" data-element_type=\"column\" data-e-type=\"column\">\n\t\t\t<div class=\"elementor-widget-wrap elementor-element-populated\">\n\t\t\t\t\t\t<div class=\"elementor-element elementor-element-8ddd096 elementor-widget elementor-widget-video\" data-id=\"8ddd096\" data-element_type=\"widget\" data-e-type=\"widget\" data-settings=\"{&quot;youtube_url&quot;:&quot;https:\\\/\\\/youtu.be\\\/Vkl3pLXkzTA?si=VgmzQcO5yF9Mi2jX&quot;,&quot;video_type&quot;:&quot;youtube&quot;,&quot;controls&quot;:&quot;yes&quot;}\" data-widget_type=\"video.default\">\n\t\t\t\t<div class=\"elementor-widget-container\">\n\t\t\t\t\t\t\t<div class=\"elementor-wrapper elementor-open-inline\">\n\t\t\t<div class=\"elementor-video\"><\/div>\t\t<\/div>\n\t\t\t\t\t\t<\/div>\n\t\t\t\t<\/div>\n\t\t\t\t\t<\/div>\n\t\t<\/div>\n\t\t\t\t\t<\/div>\n\t\t<\/section>\n\t\t\t\t<section class=\"elementor-section elementor-top-section elementor-element elementor-element-baf7f67 elementor-section-boxed elementor-section-height-default elementor-section-height-default\" data-id=\"baf7f67\" data-element_type=\"section\" data-e-type=\"section\">\n\t\t\t\t\t\t<div class=\"elementor-container elementor-column-gap-default\">\n\t\t\t\t\t<div class=\"elementor-column elementor-col-33 elementor-top-column elementor-element elementor-element-28ae473\" data-id=\"28ae473\" data-element_type=\"column\" data-e-type=\"column\">\n\t\t\t<div class=\"elementor-widget-wrap elementor-element-populated\">\n\t\t\t\t\t\t<div class=\"elementor-element elementor-element-9890e64 elementor-widget elementor-widget-video\" data-id=\"9890e64\" data-element_type=\"widget\" data-e-type=\"widget\" data-settings=\"{&quot;youtube_url&quot;:&quot;https:\\\/\\\/youtu.be\\\/Y_3ydnCP-UA?si=LgBs1uDfHJ5w0IYT&quot;,&quot;video_type&quot;:&quot;youtube&quot;,&quot;controls&quot;:&quot;yes&quot;}\" data-widget_type=\"video.default\">\n\t\t\t\t<div class=\"elementor-widget-container\">\n\t\t\t\t\t\t\t<div class=\"elementor-wrapper elementor-open-inline\">\n\t\t\t<div class=\"elementor-video\"><\/div>\t\t<\/div>\n\t\t\t\t\t\t<\/div>\n\t\t\t\t<\/div>\n\t\t\t\t\t<\/div>\n\t\t<\/div>\n\t\t\t\t<div class=\"elementor-column elementor-col-33 elementor-top-column elementor-element elementor-element-8b4fd2d\" data-id=\"8b4fd2d\" data-element_type=\"column\" data-e-type=\"column\">\n\t\t\t<div class=\"elementor-widget-wrap elementor-element-populated\">\n\t\t\t\t\t\t<div class=\"elementor-element elementor-element-e844208 elementor-widget elementor-widget-video\" data-id=\"e844208\" data-element_type=\"widget\" data-e-type=\"widget\" data-settings=\"{&quot;youtube_url&quot;:&quot;https:\\\/\\\/youtu.be\\\/d11HqnrvN2U?si=tGy34-ECXrDot-nG&quot;,&quot;video_type&quot;:&quot;youtube&quot;,&quot;controls&quot;:&quot;yes&quot;}\" data-widget_type=\"video.default\">\n\t\t\t\t<div class=\"elementor-widget-container\">\n\t\t\t\t\t\t\t<div class=\"elementor-wrapper elementor-open-inline\">\n\t\t\t<div class=\"elementor-video\"><\/div>\t\t<\/div>\n\t\t\t\t\t\t<\/div>\n\t\t\t\t<\/div>\n\t\t\t\t\t<\/div>\n\t\t<\/div>\n\t\t\t\t<div class=\"elementor-column elementor-col-33 elementor-top-column elementor-element elementor-element-4eac23f\" data-id=\"4eac23f\" data-element_type=\"column\" data-e-type=\"column\">\n\t\t\t<div class=\"elementor-widget-wrap elementor-element-populated\">\n\t\t\t\t\t\t<div class=\"elementor-element elementor-element-f49b5ba elementor-widget elementor-widget-video\" data-id=\"f49b5ba\" data-element_type=\"widget\" data-e-type=\"widget\" data-settings=\"{&quot;youtube_url&quot;:&quot;https:\\\/\\\/youtu.be\\\/bytxniKf-uM?si=iQcVO4szae5YEHnY&quot;,&quot;video_type&quot;:&quot;youtube&quot;,&quot;controls&quot;:&quot;yes&quot;}\" data-widget_type=\"video.default\">\n\t\t\t\t<div class=\"elementor-widget-container\">\n\t\t\t\t\t\t\t<div class=\"elementor-wrapper elementor-open-inline\">\n\t\t\t<div class=\"elementor-video\"><\/div>\t\t<\/div>\n\t\t\t\t\t\t<\/div>\n\t\t\t\t<\/div>\n\t\t\t\t\t<\/div>\n\t\t<\/div>\n\t\t\t\t\t<\/div>\n\t\t<\/section>\n\t\t\t\t<section class=\"elementor-section elementor-top-section elementor-element elementor-element-7a4962d elementor-section-boxed elementor-section-height-default elementor-section-height-default\" data-id=\"7a4962d\" data-element_type=\"section\" data-e-type=\"section\">\n\t\t\t\t\t\t<div class=\"elementor-container elementor-column-gap-default\">\n\t\t\t\t\t<div class=\"elementor-column elementor-col-33 elementor-top-column elementor-element elementor-element-f0b54b3\" data-id=\"f0b54b3\" data-element_type=\"column\" data-e-type=\"column\">\n\t\t\t<div class=\"elementor-widget-wrap elementor-element-populated\">\n\t\t\t\t\t\t<div class=\"elementor-element elementor-element-0ab73f0 elementor-widget elementor-widget-video\" data-id=\"0ab73f0\" data-element_type=\"widget\" data-e-type=\"widget\" data-settings=\"{&quot;youtube_url&quot;:&quot;https:\\\/\\\/youtu.be\\\/MLoeel_ccyw?si=WQhANPQqu2wyREv_&quot;,&quot;video_type&quot;:&quot;youtube&quot;,&quot;controls&quot;:&quot;yes&quot;}\" data-widget_type=\"video.default\">\n\t\t\t\t<div class=\"elementor-widget-container\">\n\t\t\t\t\t\t\t<div class=\"elementor-wrapper elementor-open-inline\">\n\t\t\t<div class=\"elementor-video\"><\/div>\t\t<\/div>\n\t\t\t\t\t\t<\/div>\n\t\t\t\t<\/div>\n\t\t\t\t\t<\/div>\n\t\t<\/div>\n\t\t\t\t<div class=\"elementor-column elementor-col-33 elementor-top-column elementor-element elementor-element-dfa3664\" data-id=\"dfa3664\" data-element_type=\"column\" data-e-type=\"column\">\n\t\t\t<div class=\"elementor-widget-wrap elementor-element-populated\">\n\t\t\t\t\t\t<div class=\"elementor-element elementor-element-e2d05e6 elementor-widget elementor-widget-video\" data-id=\"e2d05e6\" data-element_type=\"widget\" data-e-type=\"widget\" data-settings=\"{&quot;youtube_url&quot;:&quot;https:\\\/\\\/youtu.be\\\/txj9k7bKNd0?si=lOyeC0__50pgxPaO&quot;,&quot;video_type&quot;:&quot;youtube&quot;,&quot;controls&quot;:&quot;yes&quot;}\" data-widget_type=\"video.default\">\n\t\t\t\t<div class=\"elementor-widget-container\">\n\t\t\t\t\t\t\t<div class=\"elementor-wrapper elementor-open-inline\">\n\t\t\t<div class=\"elementor-video\"><\/div>\t\t<\/div>\n\t\t\t\t\t\t<\/div>\n\t\t\t\t<\/div>\n\t\t\t\t\t<\/div>\n\t\t<\/div>\n\t\t\t\t<div class=\"elementor-column elementor-col-33 elementor-top-column elementor-element elementor-element-420b06f\" data-id=\"420b06f\" data-element_type=\"column\" data-e-type=\"column\">\n\t\t\t<div class=\"elementor-widget-wrap elementor-element-populated\">\n\t\t\t\t\t\t<div class=\"elementor-element elementor-element-d796dee elementor-widget elementor-widget-video\" data-id=\"d796dee\" data-element_type=\"widget\" data-e-type=\"widget\" data-settings=\"{&quot;youtube_url&quot;:&quot;https:\\\/\\\/youtu.be\\\/l3l9sSXOkkM?si=95QN4V8XYj8vXv10&quot;,&quot;video_type&quot;:&quot;youtube&quot;,&quot;controls&quot;:&quot;yes&quot;}\" data-widget_type=\"video.default\">\n\t\t\t\t<div class=\"elementor-widget-container\">\n\t\t\t\t\t\t\t<div class=\"elementor-wrapper elementor-open-inline\">\n\t\t\t<div class=\"elementor-video\"><\/div>\t\t<\/div>\n\t\t\t\t\t\t<\/div>\n\t\t\t\t<\/div>\n\t\t\t\t\t<\/div>\n\t\t<\/div>\n\t\t\t\t\t<\/div>\n\t\t<\/section>\n\t\t\t\t<section class=\"elementor-section elementor-top-section elementor-element elementor-element-759ea64 elementor-section-boxed elementor-section-height-default elementor-section-height-default\" data-id=\"759ea64\" data-element_type=\"section\" data-e-type=\"section\">\n\t\t\t\t\t\t<div class=\"elementor-container elementor-column-gap-default\">\n\t\t\t\t\t<div class=\"elementor-column elementor-col-33 elementor-top-column elementor-element elementor-element-76a3502\" data-id=\"76a3502\" data-element_type=\"column\" data-e-type=\"column\">\n\t\t\t<div class=\"elementor-widget-wrap elementor-element-populated\">\n\t\t\t\t\t\t<div class=\"elementor-element elementor-element-a61d0f4 elementor-widget elementor-widget-video\" data-id=\"a61d0f4\" data-element_type=\"widget\" data-e-type=\"widget\" data-settings=\"{&quot;youtube_url&quot;:&quot;https:\\\/\\\/youtu.be\\\/fMxtlUrmCuE?si=87r68bYOFti_jcGq&quot;,&quot;video_type&quot;:&quot;youtube&quot;,&quot;controls&quot;:&quot;yes&quot;}\" data-widget_type=\"video.default\">\n\t\t\t\t<div class=\"elementor-widget-container\">\n\t\t\t\t\t\t\t<div class=\"elementor-wrapper elementor-open-inline\">\n\t\t\t<div class=\"elementor-video\"><\/div>\t\t<\/div>\n\t\t\t\t\t\t<\/div>\n\t\t\t\t<\/div>\n\t\t\t\t\t<\/div>\n\t\t<\/div>\n\t\t\t\t<div class=\"elementor-column elementor-col-33 elementor-top-column elementor-element elementor-element-dcf2fa1\" data-id=\"dcf2fa1\" data-element_type=\"column\" data-e-type=\"column\">\n\t\t\t<div class=\"elementor-widget-wrap elementor-element-populated\">\n\t\t\t\t\t\t<div class=\"elementor-element elementor-element-405fe67 elementor-widget elementor-widget-video\" data-id=\"405fe67\" data-element_type=\"widget\" data-e-type=\"widget\" data-settings=\"{&quot;youtube_url&quot;:&quot;https:\\\/\\\/youtu.be\\\/3Z0y7ADqnbc?si=FSQsTaT8v--3zNFt&quot;,&quot;video_type&quot;:&quot;youtube&quot;,&quot;controls&quot;:&quot;yes&quot;}\" data-widget_type=\"video.default\">\n\t\t\t\t<div class=\"elementor-widget-container\">\n\t\t\t\t\t\t\t<div class=\"elementor-wrapper elementor-open-inline\">\n\t\t\t<div class=\"elementor-video\"><\/div>\t\t<\/div>\n\t\t\t\t\t\t<\/div>\n\t\t\t\t<\/div>\n\t\t\t\t\t<\/div>\n\t\t<\/div>\n\t\t\t\t<div class=\"elementor-column elementor-col-33 elementor-top-column elementor-element elementor-element-35b0875\" data-id=\"35b0875\" data-element_type=\"column\" data-e-type=\"column\">\n\t\t\t<div class=\"elementor-widget-wrap elementor-element-populated\">\n\t\t\t\t\t\t<div class=\"elementor-element elementor-element-d248c74 elementor-widget elementor-widget-video\" data-id=\"d248c74\" data-element_type=\"widget\" data-e-type=\"widget\" data-settings=\"{&quot;youtube_url&quot;:&quot;https:\\\/\\\/youtu.be\\\/L67xHzCw80U?si=9p4UvjvyVM6cjb1a&quot;,&quot;video_type&quot;:&quot;youtube&quot;,&quot;controls&quot;:&quot;yes&quot;}\" data-widget_type=\"video.default\">\n\t\t\t\t<div class=\"elementor-widget-container\">\n\t\t\t\t\t\t\t<div class=\"elementor-wrapper elementor-open-inline\">\n\t\t\t<div class=\"elementor-video\"><\/div>\t\t<\/div>\n\t\t\t\t\t\t<\/div>\n\t\t\t\t<\/div>\n\t\t\t\t\t<\/div>\n\t\t<\/div>\n\t\t\t\t\t<\/div>\n\t\t<\/section>\n\t\t\t\t<\/div>\n\t\t","protected":false},"excerpt":{"rendered":"<p>Videos Bar Keepers Friend<\/p>\n","protected":false},"author":1,"featured_media":0,"parent":0,"menu_order":0,"comment_status":"closed","ping_status":"closed","template":"elementor_header_footer","meta":{"footnotes":""},"class_list":["post-776","page","type-page","status-publish"],"yoast_head":"<!-- This site is optimized with the Yoast SEO plugin v27.4 - https:\/\/yoast.com\/product\/yoast-seo-wordpress\/ -->\n<title>Videos Bar Keepers Friend - JPS<\/title>\n<meta name=\"robots\" content=\"index, follow, max-snippet:-1, max-image-preview:large, max-video-preview:-1\" \/>\n<link rel=\"canonical\" href=\"https:\/\/bkfdeca.com\/index.php\/videos-bar-keepers-friend\/\" \/>\n<meta property=\"og:locale\" content=\"es_ES\" \/>\n<meta property=\"og:type\" content=\"article\" \/>\n<meta property=\"og:title\" content=\"Videos Bar Keepers Friend - JPS\" \/>\n<meta property=\"og:description\" content=\"Videos Bar Keepers Friend\" \/>\n<meta property=\"og:url\" content=\"https:\/\/bkfdeca.com\/index.php\/videos-bar-keepers-friend\/\" \/>\n<meta property=\"og:site_name\" content=\"JPS\" \/>\n<meta property=\"article:publisher\" content=\"https:\/\/www.facebook.com\/bkfcostarica?mibextid=ZbWKwL\" \/>\n<meta property=\"article:modified_time\" content=\"2024-07-23T21:56:15+00:00\" \/>\n<meta property=\"og:image\" content=\"https:\/\/bkfdeca.com\/wp-content\/uploads\/2024\/06\/IMG-20240617-WA0038-e1718738935855.jpg\" \/>\n\t<meta property=\"og:image:width\" content=\"874\" \/>\n\t<meta property=\"og:image:height\" content=\"676\" \/>\n\t<meta property=\"og:image:type\" content=\"image\/jpeg\" \/>\n<meta name=\"twitter:card\" content=\"summary_large_image\" \/>\n<meta name=\"twitter:label1\" content=\"Tiempo de lectura\" \/>\n\t<meta name=\"twitter:data1\" content=\"1 minuto\" \/>\n<script type=\"application\/ld+json\" class=\"yoast-schema-graph\">{\"@context\":\"https:\\\/\\\/schema.org\",\"@graph\":[{\"@type\":\"WebPage\",\"@id\":\"https:\\\/\\\/bkfdeca.com\\\/index.php\\\/videos-bar-keepers-friend\\\/\",\"url\":\"https:\\\/\\\/bkfdeca.com\\\/index.php\\\/videos-bar-keepers-friend\\\/\",\"name\":\"Videos Bar Keepers Friend - JPS\",\"isPartOf\":{\"@id\":\"https:\\\/\\\/bkfdeca.com\\\/#website\"},\"datePublished\":\"2024-07-13T17:28:27+00:00\",\"dateModified\":\"2024-07-23T21:56:15+00:00\",\"breadcrumb\":{\"@id\":\"https:\\\/\\\/bkfdeca.com\\\/index.php\\\/videos-bar-keepers-friend\\\/#breadcrumb\"},\"inLanguage\":\"es\",\"potentialAction\":[{\"@type\":\"ReadAction\",\"target\":[\"https:\\\/\\\/bkfdeca.com\\\/index.php\\\/videos-bar-keepers-friend\\\/\"]}]},{\"@type\":\"BreadcrumbList\",\"@id\":\"https:\\\/\\\/bkfdeca.com\\\/index.php\\\/videos-bar-keepers-friend\\\/#breadcrumb\",\"itemListElement\":[{\"@type\":\"ListItem\",\"position\":1,\"name\":\"Portada\",\"item\":\"https:\\\/\\\/bkfdeca.com\\\/\"},{\"@type\":\"ListItem\",\"position\":2,\"name\":\"Videos Bar Keepers Friend\"}]},{\"@type\":\"WebSite\",\"@id\":\"https:\\\/\\\/bkfdeca.com\\\/#website\",\"url\":\"https:\\\/\\\/bkfdeca.com\\\/\",\"name\":\"JPS\",\"description\":\"La empresa costarricense Jotape Soluciones fue creada en setiembre del a\u00f1o 2022 para continuar con la comercializaci\u00f3n y distribuci\u00f3n de los productos de limpieza estadounidenses marca Bar Keepers Friend y de los cepillos y felpas para taladros inal\u00e1mbricos marca DrillBrush.\u200b\",\"publisher\":{\"@id\":\"https:\\\/\\\/bkfdeca.com\\\/#organization\"},\"alternateName\":\"bkf\",\"potentialAction\":[{\"@type\":\"SearchAction\",\"target\":{\"@type\":\"EntryPoint\",\"urlTemplate\":\"https:\\\/\\\/bkfdeca.com\\\/?s={search_term_string}\"},\"query-input\":{\"@type\":\"PropertyValueSpecification\",\"valueRequired\":true,\"valueName\":\"search_term_string\"}}],\"inLanguage\":\"es\"},{\"@type\":\"Organization\",\"@id\":\"https:\\\/\\\/bkfdeca.com\\\/#organization\",\"name\":\"JPS\",\"alternateName\":\"BKF\",\"url\":\"https:\\\/\\\/bkfdeca.com\\\/\",\"logo\":{\"@type\":\"ImageObject\",\"inLanguage\":\"es\",\"@id\":\"https:\\\/\\\/bkfdeca.com\\\/#\\\/schema\\\/logo\\\/image\\\/\",\"url\":\"https:\\\/\\\/bkfdeca.com\\\/wp-content\\\/uploads\\\/2024\\\/06\\\/IMG-20240617-WA0038-e1718738935855.jpg\",\"contentUrl\":\"https:\\\/\\\/bkfdeca.com\\\/wp-content\\\/uploads\\\/2024\\\/06\\\/IMG-20240617-WA0038-e1718738935855.jpg\",\"width\":874,\"height\":676,\"caption\":\"JPS\"},\"image\":{\"@id\":\"https:\\\/\\\/bkfdeca.com\\\/#\\\/schema\\\/logo\\\/image\\\/\"},\"sameAs\":[\"https:\\\/\\\/www.facebook.com\\\/bkfcostarica?mibextid=ZbWKwL\",\"https:\\\/\\\/www.instagram.com\\\/bkfcostarica?igsh=a2I5YmdkcG0za3J5\"]}]}<\/script>\n<!-- \/ Yoast SEO plugin. -->","yoast_head_json":{"title":"Videos Bar Keepers Friend - JPS","robots":{"index":"index","follow":"follow","max-snippet":"max-snippet:-1","max-image-preview":"max-image-preview:large","max-video-preview":"max-video-preview:-1"},"canonical":"https:\/\/bkfdeca.com\/index.php\/videos-bar-keepers-friend\/","og_locale":"es_ES","og_type":"article","og_title":"Videos Bar Keepers Friend - JPS","og_description":"Videos Bar Keepers Friend","og_url":"https:\/\/bkfdeca.com\/index.php\/videos-bar-keepers-friend\/","og_site_name":"JPS","article_publisher":"https:\/\/www.facebook.com\/bkfcostarica?mibextid=ZbWKwL","article_modified_time":"2024-07-23T21:56:15+00:00","og_image":[{"width":874,"height":676,"url":"https:\/\/bkfdeca.com\/wp-content\/uploads\/2024\/06\/IMG-20240617-WA0038-e1718738935855.jpg","type":"image\/jpeg"}],"twitter_card":"summary_large_image","twitter_misc":{"Tiempo de lectura":"1 minuto"},"schema":{"@context":"https:\/\/schema.org","@graph":[{"@type":"WebPage","@id":"https:\/\/bkfdeca.com\/index.php\/videos-bar-keepers-friend\/","url":"https:\/\/bkfdeca.com\/index.php\/videos-bar-keepers-friend\/","name":"Videos Bar Keepers Friend - JPS","isPartOf":{"@id":"https:\/\/bkfdeca.com\/#website"},"datePublished":"2024-07-13T17:28:27+00:00","dateModified":"2024-07-23T21:56:15+00:00","breadcrumb":{"@id":"https:\/\/bkfdeca.com\/index.php\/videos-bar-keepers-friend\/#breadcrumb"},"inLanguage":"es","potentialAction":[{"@type":"ReadAction","target":["https:\/\/bkfdeca.com\/index.php\/videos-bar-keepers-friend\/"]}]},{"@type":"BreadcrumbList","@id":"https:\/\/bkfdeca.com\/index.php\/videos-bar-keepers-friend\/#breadcrumb","itemListElement":[{"@type":"ListItem","position":1,"name":"Portada","item":"https:\/\/bkfdeca.com\/"},{"@type":"ListItem","position":2,"name":"Videos Bar Keepers Friend"}]},{"@type":"WebSite","@id":"https:\/\/bkfdeca.com\/#website","url":"https:\/\/bkfdeca.com\/","name":"JPS","description":"La empresa costarricense Jotape Soluciones fue creada en setiembre del a\u00f1o 2022 para continuar con la comercializaci\u00f3n y distribuci\u00f3n de los productos de limpieza estadounidenses marca Bar Keepers Friend y de los cepillos y felpas para taladros inal\u00e1mbricos marca DrillBrush.\u200b","publisher":{"@id":"https:\/\/bkfdeca.com\/#organization"},"alternateName":"bkf","potentialAction":[{"@type":"SearchAction","target":{"@type":"EntryPoint","urlTemplate":"https:\/\/bkfdeca.com\/?s={search_term_string}"},"query-input":{"@type":"PropertyValueSpecification","valueRequired":true,"valueName":"search_term_string"}}],"inLanguage":"es"},{"@type":"Organization","@id":"https:\/\/bkfdeca.com\/#organization","name":"JPS","alternateName":"BKF","url":"https:\/\/bkfdeca.com\/","logo":{"@type":"ImageObject","inLanguage":"es","@id":"https:\/\/bkfdeca.com\/#\/schema\/logo\/image\/","url":"https:\/\/bkfdeca.com\/wp-content\/uploads\/2024\/06\/IMG-20240617-WA0038-e1718738935855.jpg","contentUrl":"https:\/\/bkfdeca.com\/wp-content\/uploads\/2024\/06\/IMG-20240617-WA0038-e1718738935855.jpg","width":874,"height":676,"caption":"JPS"},"image":{"@id":"https:\/\/bkfdeca.com\/#\/schema\/logo\/image\/"},"sameAs":["https:\/\/www.facebook.com\/bkfcostarica?mibextid=ZbWKwL","https:\/\/www.instagram.com\/bkfcostarica?igsh=a2I5YmdkcG0za3J5"]}]}},"_links":{"self":[{"href":"https:\/\/bkfdeca.com\/index.php\/wp-json\/wp\/v2\/pages\/776","targetHints":{"allow":["GET"]}}],"collection":[{"href":"https:\/\/bkfdeca.com\/index.php\/wp-json\/wp\/v2\/pages"}],"about":[{"href":"https:\/\/bkfdeca.com\/index.php\/wp-json\/wp\/v2\/types\/page"}],"author":[{"embeddable":true,"href":"https:\/\/bkfdeca.com\/index.php\/wp-json\/wp\/v2\/users\/1"}],"replies":[{"embeddable":true,"href":"https:\/\/bkfdeca.com\/index.php\/wp-json\/wp\/v2\/comments?post=776"}],"version-history":[{"count":16,"href":"https:\/\/bkfdeca.com\/index.php\/wp-json\/wp\/v2\/pages\/776\/revisions"}],"predecessor-version":[{"id":970,"href":"https:\/\/bkfdeca.com\/index.php\/wp-json\/wp\/v2\/pages\/776\/revisions\/970"}],"wp:attachment":[{"href":"https:\/\/bkfdeca.com\/index.php\/wp-json\/wp\/v2\/media?parent=776"}],"curies":[{"name":"wp","href":"https:\/\/api.w.org\/{rel}","templated":true}]}}