{"id":30,"date":"2024-06-17T22:32:02","date_gmt":"2024-06-17T22:32:02","guid":{"rendered":"https:\/\/bkfdeca.com\/index.php\/home\/"},"modified":"2024-07-21T00:48:39","modified_gmt":"2024-07-21T00:48:39","slug":"home","status":"publish","type":"page","link":"https:\/\/bkfdeca.com\/","title":{"rendered":"Home"},"content":{"rendered":"\t\t<div data-elementor-type=\"wp-page\" data-elementor-id=\"30\" class=\"elementor elementor-30\" data-elementor-post-type=\"page\">\n\t\t\t\t\t\t<section class=\"elementor-section elementor-top-section elementor-element elementor-element-78cbe57 elementor-section-boxed elementor-section-height-default elementor-section-height-default\" data-id=\"78cbe57\" data-element_type=\"section\" data-e-type=\"section\" data-settings=\"{&quot;background_background&quot;:&quot;classic&quot;}\">\n\t\t\t\t\t\t<div class=\"elementor-container elementor-column-gap-default\">\n\t\t\t\t\t<div class=\"elementor-column elementor-col-100 elementor-top-column elementor-element elementor-element-36313fc\" data-id=\"36313fc\" data-element_type=\"column\" data-e-type=\"column\">\n\t\t\t<div class=\"elementor-widget-wrap elementor-element-populated\">\n\t\t\t\t\t\t<div class=\"elementor-element elementor-element-be30864 elementor-widget elementor-widget-spacer\" data-id=\"be30864\" data-element_type=\"widget\" data-e-type=\"widget\" data-widget_type=\"spacer.default\">\n\t\t\t\t<div class=\"elementor-widget-container\">\n\t\t\t\t\t\t\t<div class=\"elementor-spacer\">\n\t\t\t<div class=\"elementor-spacer-inner\"><\/div>\n\t\t<\/div>\n\t\t\t\t\t\t<\/div>\n\t\t\t\t<\/div>\n\t\t\t\t\t<\/div>\n\t\t<\/div>\n\t\t\t\t\t<\/div>\n\t\t<\/section>\n\t\t\t\t<section class=\"elementor-section elementor-top-section elementor-element elementor-element-065a161 elementor-section-boxed elementor-section-height-default elementor-section-height-default\" data-id=\"065a161\" data-element_type=\"section\" data-e-type=\"section\" data-settings=\"{&quot;background_background&quot;:&quot;classic&quot;}\">\n\t\t\t\t\t\t<div class=\"elementor-container elementor-column-gap-default\">\n\t\t\t\t\t<div class=\"elementor-column elementor-col-33 elementor-top-column elementor-element elementor-element-6b2f116\" data-id=\"6b2f116\" data-element_type=\"column\" data-e-type=\"column\">\n\t\t\t<div class=\"elementor-widget-wrap elementor-element-populated\">\n\t\t\t\t\t\t<div class=\"elementor-element elementor-element-4bd9a6d elementor-widget elementor-widget-spacer\" data-id=\"4bd9a6d\" data-element_type=\"widget\" data-e-type=\"widget\" data-widget_type=\"spacer.default\">\n\t\t\t\t<div class=\"elementor-widget-container\">\n\t\t\t\t\t\t\t<div class=\"elementor-spacer\">\n\t\t\t<div class=\"elementor-spacer-inner\"><\/div>\n\t\t<\/div>\n\t\t\t\t\t\t<\/div>\n\t\t\t\t<\/div>\n\t\t\t\t<div class=\"elementor-element elementor-element-1ad92f8 elementor-widget elementor-widget-spacer\" data-id=\"1ad92f8\" data-element_type=\"widget\" data-e-type=\"widget\" data-widget_type=\"spacer.default\">\n\t\t\t\t<div class=\"elementor-widget-container\">\n\t\t\t\t\t\t\t<div class=\"elementor-spacer\">\n\t\t\t<div class=\"elementor-spacer-inner\"><\/div>\n\t\t<\/div>\n\t\t\t\t\t\t<\/div>\n\t\t\t\t<\/div>\n\t\t\t\t<div class=\"elementor-element elementor-element-472627d elementor-widget elementor-widget-image\" data-id=\"472627d\" data-element_type=\"widget\" data-e-type=\"widget\" data-widget_type=\"image.default\">\n\t\t\t\t<div class=\"elementor-widget-container\">\n\t\t\t\t\t\t\t\t\t\t\t\t\t\t\t\t<a href=\"https:\/\/bkfdeca.com\/index.php\/bar-keepersfriend\/\">\n\t\t\t\t\t\t\t<img fetchpriority=\"high\" decoding=\"async\" width=\"280\" height=\"302\" src=\"https:\/\/bkfdeca.com\/wp-content\/uploads\/2024\/07\/Bar.png\" class=\"elementor-animation-float attachment-large size-large wp-image-793\" alt=\"\" srcset=\"https:\/\/bkfdeca.com\/wp-content\/uploads\/2024\/07\/Bar.png 280w, https:\/\/bkfdeca.com\/wp-content\/uploads\/2024\/07\/Bar-278x300.png 278w\" sizes=\"(max-width: 280px) 100vw, 280px\" \/>\t\t\t\t\t\t\t\t<\/a>\n\t\t\t\t\t\t\t\t\t\t\t\t\t\t\t<\/div>\n\t\t\t\t<\/div>\n\t\t\t\t<div class=\"elementor-element elementor-element-11d4bbb elementor-widget elementor-widget-spacer\" data-id=\"11d4bbb\" data-element_type=\"widget\" data-e-type=\"widget\" data-widget_type=\"spacer.default\">\n\t\t\t\t<div class=\"elementor-widget-container\">\n\t\t\t\t\t\t\t<div class=\"elementor-spacer\">\n\t\t\t<div class=\"elementor-spacer-inner\"><\/div>\n\t\t<\/div>\n\t\t\t\t\t\t<\/div>\n\t\t\t\t<\/div>\n\t\t\t\t\t<\/div>\n\t\t<\/div>\n\t\t\t\t<div class=\"elementor-column elementor-col-33 elementor-top-column elementor-element elementor-element-c33f9d6\" data-id=\"c33f9d6\" data-element_type=\"column\" data-e-type=\"column\">\n\t\t\t<div class=\"elementor-widget-wrap elementor-element-populated\">\n\t\t\t\t\t\t<div class=\"elementor-element elementor-element-7600d59 elementor-widget__width-initial elementor-widget elementor-widget-image\" data-id=\"7600d59\" data-element_type=\"widget\" data-e-type=\"widget\" data-widget_type=\"image.default\">\n\t\t\t\t<div class=\"elementor-widget-container\">\n\t\t\t\t\t\t\t\t\t\t\t\t\t\t\t\t<a href=\"https:\/\/bkfdeca.com\/\">\n\t\t\t\t\t\t\t<img decoding=\"async\" width=\"900\" height=\"900\" src=\"https:\/\/bkfdeca.com\/wp-content\/uploads\/2024\/07\/logo-jotape-soluciones-1-1024x1024.png\" class=\"elementor-animation-float attachment-large size-large wp-image-844\" alt=\"\" srcset=\"https:\/\/bkfdeca.com\/wp-content\/uploads\/2024\/07\/logo-jotape-soluciones-1-1024x1024.png 1024w, https:\/\/bkfdeca.com\/wp-content\/uploads\/2024\/07\/logo-jotape-soluciones-1-300x300.png 300w, https:\/\/bkfdeca.com\/wp-content\/uploads\/2024\/07\/logo-jotape-soluciones-1-150x150.png 150w, https:\/\/bkfdeca.com\/wp-content\/uploads\/2024\/07\/logo-jotape-soluciones-1-768x768.png 768w, https:\/\/bkfdeca.com\/wp-content\/uploads\/2024\/07\/logo-jotape-soluciones-1.png 1080w\" sizes=\"(max-width: 900px) 100vw, 900px\" \/>\t\t\t\t\t\t\t\t<\/a>\n\t\t\t\t\t\t\t\t\t\t\t\t\t\t\t<\/div>\n\t\t\t\t<\/div>\n\t\t\t\t\t<\/div>\n\t\t<\/div>\n\t\t\t\t<div class=\"elementor-column elementor-col-33 elementor-top-column elementor-element elementor-element-e2862a8\" data-id=\"e2862a8\" data-element_type=\"column\" data-e-type=\"column\">\n\t\t\t<div class=\"elementor-widget-wrap elementor-element-populated\">\n\t\t\t\t\t\t<div class=\"elementor-element elementor-element-3858e02 elementor-widget elementor-widget-spacer\" data-id=\"3858e02\" data-element_type=\"widget\" data-e-type=\"widget\" data-widget_type=\"spacer.default\">\n\t\t\t\t<div class=\"elementor-widget-container\">\n\t\t\t\t\t\t\t<div class=\"elementor-spacer\">\n\t\t\t<div class=\"elementor-spacer-inner\"><\/div>\n\t\t<\/div>\n\t\t\t\t\t\t<\/div>\n\t\t\t\t<\/div>\n\t\t\t\t<div class=\"elementor-element elementor-element-5385939 elementor-widget elementor-widget-image\" data-id=\"5385939\" data-element_type=\"widget\" data-e-type=\"widget\" data-widget_type=\"image.default\">\n\t\t\t\t<div class=\"elementor-widget-container\">\n\t\t\t\t\t\t\t\t\t\t\t\t\t\t\t\t<a href=\"https:\/\/bkfdeca.com\/index.php\/drill-brush\/\">\n\t\t\t\t\t\t\t<img decoding=\"async\" width=\"900\" height=\"263\" src=\"https:\/\/bkfdeca.com\/wp-content\/uploads\/2024\/06\/Drillbrush-UP_logo_K-R-1024x299.png\" class=\"elementor-animation-float attachment-large size-large wp-image-101\" alt=\"\" srcset=\"https:\/\/bkfdeca.com\/wp-content\/uploads\/2024\/06\/Drillbrush-UP_logo_K-R-1024x299.png 1024w, https:\/\/bkfdeca.com\/wp-content\/uploads\/2024\/06\/Drillbrush-UP_logo_K-R-300x88.png 300w, https:\/\/bkfdeca.com\/wp-content\/uploads\/2024\/06\/Drillbrush-UP_logo_K-R-768x225.png 768w, https:\/\/bkfdeca.com\/wp-content\/uploads\/2024\/06\/Drillbrush-UP_logo_K-R-1536x449.png 1536w, https:\/\/bkfdeca.com\/wp-content\/uploads\/2024\/06\/Drillbrush-UP_logo_K-R-2048x599.png 2048w\" sizes=\"(max-width: 900px) 100vw, 900px\" \/>\t\t\t\t\t\t\t\t<\/a>\n\t\t\t\t\t\t\t\t\t\t\t\t\t\t\t<\/div>\n\t\t\t\t<\/div>\n\t\t\t\t\t<\/div>\n\t\t<\/div>\n\t\t\t\t\t<\/div>\n\t\t<\/section>\n\t\t\t\t<section class=\"elementor-section elementor-top-section elementor-element elementor-element-5dece678 elementor-section-boxed elementor-section-height-default elementor-section-height-default\" data-id=\"5dece678\" data-element_type=\"section\" data-e-type=\"section\" data-settings=\"{&quot;background_background&quot;:&quot;classic&quot;}\">\n\t\t\t\t\t\t<div class=\"elementor-container elementor-column-gap-no\">\n\t\t\t\t\t<div class=\"elementor-column elementor-col-100 elementor-top-column elementor-element elementor-element-7d32b741\" data-id=\"7d32b741\" data-element_type=\"column\" data-e-type=\"column\">\n\t\t\t<div class=\"elementor-widget-wrap elementor-element-populated\">\n\t\t\t\t\t\t<div class=\"elementor-element elementor-element-14cc8643 elementor-invisible elementor-widget elementor-widget-heading\" data-id=\"14cc8643\" data-element_type=\"widget\" data-e-type=\"widget\" data-settings=\"{&quot;_animation&quot;:&quot;fadeIn&quot;}\" data-widget_type=\"heading.default\">\n\t\t\t\t<div class=\"elementor-widget-container\">\n\t\t\t\t\t<h2 class=\"elementor-heading-title elementor-size-default\">Sobre Nosotros<\/h2>\t\t\t\t<\/div>\n\t\t\t\t<\/div>\n\t\t\t\t<section class=\"elementor-section elementor-inner-section elementor-element elementor-element-f53be27 elementor-section-boxed elementor-section-height-default elementor-section-height-default\" data-id=\"f53be27\" data-element_type=\"section\" data-e-type=\"section\">\n\t\t\t\t\t\t<div class=\"elementor-container elementor-column-gap-default\">\n\t\t\t\t\t<div class=\"elementor-column elementor-col-100 elementor-inner-column elementor-element elementor-element-0e3c046\" data-id=\"0e3c046\" data-element_type=\"column\" data-e-type=\"column\">\n\t\t\t<div class=\"elementor-widget-wrap elementor-element-populated\">\n\t\t\t\t\t\t<div class=\"elementor-element elementor-element-37d66ab elementor-widget elementor-widget-text-editor\" data-id=\"37d66ab\" data-element_type=\"widget\" data-e-type=\"widget\" data-widget_type=\"text-editor.default\">\n\t\t\t\t<div class=\"elementor-widget-container\">\n\t\t\t\t\t\t\t\t\t<h5 class=\"elementor-heading-title elementor-size-default elementor-inline-editing pen\" contenteditable=\"true\" data-elementor-setting-key=\"title\" data-pen-placeholder=\"Teclea aqu\u00ed...\">La empresa costarricense Jotape Soluciones fue creada en setiembre del a\u00f1o 2022 para continuar con la comercializaci\u00f3n y distribuci\u00f3n de los productos de limpieza estadounidenses marca Bar Keepers Friend y de los cepillos y felpas para taladros inal\u00e1mbricos marca DrillBrush.\u200b<\/h5>\t\t\t\t\t\t\t\t<\/div>\n\t\t\t\t<\/div>\n\t\t\t\t\t<\/div>\n\t\t<\/div>\n\t\t\t\t\t<\/div>\n\t\t<\/section>\n\t\t\t\t<div class=\"elementor-element elementor-element-253b78a elementor-widget-divider--view-line elementor-widget elementor-widget-divider\" data-id=\"253b78a\" data-element_type=\"widget\" data-e-type=\"widget\" data-widget_type=\"divider.default\">\n\t\t\t\t<div class=\"elementor-widget-container\">\n\t\t\t\t\t\t\t<div class=\"elementor-divider\">\n\t\t\t<span class=\"elementor-divider-separator\">\n\t\t\t\t\t\t<\/span>\n\t\t<\/div>\n\t\t\t\t\t\t<\/div>\n\t\t\t\t<\/div>\n\t\t\t\t<div class=\"elementor-element elementor-element-c7e6b7e elementor-widget elementor-widget-spacer\" data-id=\"c7e6b7e\" data-element_type=\"widget\" data-e-type=\"widget\" data-widget_type=\"spacer.default\">\n\t\t\t\t<div class=\"elementor-widget-container\">\n\t\t\t\t\t\t\t<div class=\"elementor-spacer\">\n\t\t\t<div class=\"elementor-spacer-inner\"><\/div>\n\t\t<\/div>\n\t\t\t\t\t\t<\/div>\n\t\t\t\t<\/div>\n\t\t\t\t\t<\/div>\n\t\t<\/div>\n\t\t\t\t\t<\/div>\n\t\t<\/section>\n\t\t\t\t<section class=\"elementor-section elementor-top-section elementor-element elementor-element-62932f0 elementor-section-boxed elementor-section-height-default elementor-section-height-default\" data-id=\"62932f0\" data-element_type=\"section\" data-e-type=\"section\" data-settings=\"{&quot;background_background&quot;:&quot;classic&quot;}\">\n\t\t\t\t\t\t<div class=\"elementor-container elementor-column-gap-default\">\n\t\t\t\t\t<div class=\"elementor-column elementor-col-50 elementor-top-column elementor-element elementor-element-d7171b1\" data-id=\"d7171b1\" data-element_type=\"column\" data-e-type=\"column\">\n\t\t\t<div class=\"elementor-widget-wrap elementor-element-populated\">\n\t\t\t\t\t\t<div class=\"elementor-element elementor-element-645b4ef elementor-widget elementor-widget-heading\" data-id=\"645b4ef\" data-element_type=\"widget\" data-e-type=\"widget\" data-widget_type=\"heading.default\">\n\t\t\t\t<div class=\"elementor-widget-container\">\n\t\t\t\t\t<h2 class=\"elementor-heading-title elementor-size-default\">Misi\u00f3n<\/h2>\t\t\t\t<\/div>\n\t\t\t\t<\/div>\n\t\t\t\t<section class=\"elementor-section elementor-inner-section elementor-element elementor-element-91c6c45 elementor-section-boxed elementor-section-height-default elementor-section-height-default\" data-id=\"91c6c45\" data-element_type=\"section\" data-e-type=\"section\">\n\t\t\t\t\t\t<div class=\"elementor-container elementor-column-gap-default\">\n\t\t\t\t\t<div class=\"elementor-column elementor-col-100 elementor-inner-column elementor-element elementor-element-d672376\" data-id=\"d672376\" data-element_type=\"column\" data-e-type=\"column\">\n\t\t\t<div class=\"elementor-widget-wrap elementor-element-populated\">\n\t\t\t\t\t\t<div class=\"elementor-element elementor-element-7bf8872 elementor-widget elementor-widget-text-editor\" data-id=\"7bf8872\" data-element_type=\"widget\" data-e-type=\"widget\" data-widget_type=\"text-editor.default\">\n\t\t\t\t<div class=\"elementor-widget-container\">\n\t\t\t\t\t\t\t\t\t<p>Buscamos llevar soluciones definitivas, confiables y eficientes de limpieza y restauraci\u00f3n a toda nuestra clientela, por medio de asesoramiento y capacitaci\u00f3n personalizada.<\/p>\t\t\t\t\t\t\t\t<\/div>\n\t\t\t\t<\/div>\n\t\t\t\t\t<\/div>\n\t\t<\/div>\n\t\t\t\t\t<\/div>\n\t\t<\/section>\n\t\t\t\t\t<\/div>\n\t\t<\/div>\n\t\t\t\t<div class=\"elementor-column elementor-col-50 elementor-top-column elementor-element elementor-element-41bcbf3\" data-id=\"41bcbf3\" data-element_type=\"column\" data-e-type=\"column\">\n\t\t\t<div class=\"elementor-widget-wrap elementor-element-populated\">\n\t\t\t\t\t\t<div class=\"elementor-element elementor-element-fe1a3a7 elementor-widget elementor-widget-heading\" data-id=\"fe1a3a7\" data-element_type=\"widget\" data-e-type=\"widget\" data-widget_type=\"heading.default\">\n\t\t\t\t<div class=\"elementor-widget-container\">\n\t\t\t\t\t<h2 class=\"elementor-heading-title elementor-size-default\">Visi\u00f3n<\/h2>\t\t\t\t<\/div>\n\t\t\t\t<\/div>\n\t\t\t\t<section class=\"elementor-section elementor-inner-section elementor-element elementor-element-97c8134 elementor-section-boxed elementor-section-height-default elementor-section-height-default\" data-id=\"97c8134\" data-element_type=\"section\" data-e-type=\"section\">\n\t\t\t\t\t\t<div class=\"elementor-container elementor-column-gap-default\">\n\t\t\t\t\t<div class=\"elementor-column elementor-col-100 elementor-inner-column elementor-element elementor-element-d86c643\" data-id=\"d86c643\" data-element_type=\"column\" data-e-type=\"column\">\n\t\t\t<div class=\"elementor-widget-wrap elementor-element-populated\">\n\t\t\t\t\t\t<div class=\"elementor-element elementor-element-809cba4 elementor-widget elementor-widget-text-editor\" data-id=\"809cba4\" data-element_type=\"widget\" data-e-type=\"widget\" data-widget_type=\"text-editor.default\">\n\t\t\t\t<div class=\"elementor-widget-container\">\n\t\t\t\t\t\t\t\t\t<p>Queremos contribuir con la sociedad costarricense trayendo al mercado productos diferenciados y distribuyendo los mejores productos de limpieza desde 1882.<\/p>\t\t\t\t\t\t\t\t<\/div>\n\t\t\t\t<\/div>\n\t\t\t\t\t<\/div>\n\t\t<\/div>\n\t\t\t\t\t<\/div>\n\t\t<\/section>\n\t\t\t\t\t<\/div>\n\t\t<\/div>\n\t\t\t\t\t<\/div>\n\t\t<\/section>\n\t\t\t\t<section class=\"elementor-section elementor-top-section elementor-element elementor-element-1e65417 elementor-section-boxed elementor-section-height-default elementor-section-height-default\" data-id=\"1e65417\" data-element_type=\"section\" data-e-type=\"section\" data-settings=\"{&quot;background_background&quot;:&quot;classic&quot;}\">\n\t\t\t\t\t\t<div class=\"elementor-container elementor-column-gap-default\">\n\t\t\t\t\t<div class=\"elementor-column elementor-col-100 elementor-top-column elementor-element elementor-element-89baf76\" data-id=\"89baf76\" data-element_type=\"column\" data-e-type=\"column\">\n\t\t\t<div class=\"elementor-widget-wrap elementor-element-populated\">\n\t\t\t\t\t\t<div class=\"elementor-element elementor-element-e392c65 elementor-widget elementor-widget-spacer\" data-id=\"e392c65\" data-element_type=\"widget\" data-e-type=\"widget\" data-widget_type=\"spacer.default\">\n\t\t\t\t<div class=\"elementor-widget-container\">\n\t\t\t\t\t\t\t<div class=\"elementor-spacer\">\n\t\t\t<div class=\"elementor-spacer-inner\"><\/div>\n\t\t<\/div>\n\t\t\t\t\t\t<\/div>\n\t\t\t\t<\/div>\n\t\t\t\t\t<\/div>\n\t\t<\/div>\n\t\t\t\t\t<\/div>\n\t\t<\/section>\n\t\t\t\t<\/div>\n\t\t","protected":false},"excerpt":{"rendered":"<p>Sobre Nosotros La empresa costarricense Jotape Soluciones fue creada en setiembre del a\u00f1o 2022 para continuar con la comercializaci\u00f3n y distribuci\u00f3n de los productos de limpieza estadounidenses marca Bar Keepers Friend y de los cepillos y felpas para taladros inal\u00e1mbricos marca DrillBrush.\u200b Misi\u00f3n Buscamos llevar soluciones definitivas, confiables y eficientes de limpieza y restauraci\u00f3n a &#8230; <a title=\"Home\" class=\"read-more\" href=\"https:\/\/bkfdeca.com\/\" aria-label=\"Leer m\u00e1s sobre Home\">Leer m\u00e1s<\/a><\/p>\n","protected":false},"author":1,"featured_media":0,"parent":0,"menu_order":0,"comment_status":"closed","ping_status":"closed","template":"elementor_header_footer","meta":{"footnotes":""},"class_list":["post-30","page","type-page","status-publish"],"yoast_head":"<!-- This site is optimized with the Yoast SEO plugin v27.4 - https:\/\/yoast.com\/product\/yoast-seo-wordpress\/ -->\n<title>Home - JPS<\/title>\n<meta name=\"robots\" content=\"index, follow, max-snippet:-1, max-image-preview:large, max-video-preview:-1\" \/>\n<link rel=\"canonical\" href=\"https:\/\/bkfdeca.com\/\" \/>\n<meta property=\"og:locale\" content=\"es_ES\" \/>\n<meta property=\"og:type\" content=\"article\" \/>\n<meta property=\"og:title\" content=\"Home - JPS\" \/>\n<meta property=\"og:description\" content=\"Sobre Nosotros La empresa costarricense Jotape Soluciones fue creada en setiembre del a\u00f1o 2022 para continuar con la comercializaci\u00f3n y distribuci\u00f3n de los productos de limpieza estadounidenses marca Bar Keepers Friend y de los cepillos y felpas para taladros inal\u00e1mbricos marca DrillBrush.\u200b Misi\u00f3n Buscamos llevar soluciones definitivas, confiables y eficientes de limpieza y restauraci\u00f3n a ... Leer m\u00e1s\" \/>\n<meta property=\"og:url\" content=\"https:\/\/bkfdeca.com\/\" \/>\n<meta property=\"og:site_name\" content=\"JPS\" \/>\n<meta property=\"article:publisher\" content=\"https:\/\/www.facebook.com\/bkfcostarica?mibextid=ZbWKwL\" \/>\n<meta property=\"article:modified_time\" content=\"2024-07-21T00:48:39+00:00\" \/>\n<meta property=\"og:image\" content=\"https:\/\/bkfdeca.com\/wp-content\/uploads\/2024\/07\/Bar.png\" \/>\n<meta name=\"twitter:card\" content=\"summary_large_image\" \/>\n<meta name=\"twitter:label1\" content=\"Tiempo de lectura\" \/>\n\t<meta name=\"twitter:data1\" content=\"1 minuto\" \/>\n<script type=\"application\/ld+json\" class=\"yoast-schema-graph\">{\"@context\":\"https:\\\/\\\/schema.org\",\"@graph\":[{\"@type\":\"WebPage\",\"@id\":\"https:\\\/\\\/bkfdeca.com\\\/\",\"url\":\"https:\\\/\\\/bkfdeca.com\\\/\",\"name\":\"Home - JPS\",\"isPartOf\":{\"@id\":\"https:\\\/\\\/bkfdeca.com\\\/#website\"},\"primaryImageOfPage\":{\"@id\":\"https:\\\/\\\/bkfdeca.com\\\/#primaryimage\"},\"image\":{\"@id\":\"https:\\\/\\\/bkfdeca.com\\\/#primaryimage\"},\"thumbnailUrl\":\"https:\\\/\\\/bkfdeca.com\\\/wp-content\\\/uploads\\\/2024\\\/07\\\/Bar.png\",\"datePublished\":\"2024-06-17T22:32:02+00:00\",\"dateModified\":\"2024-07-21T00:48:39+00:00\",\"breadcrumb\":{\"@id\":\"https:\\\/\\\/bkfdeca.com\\\/#breadcrumb\"},\"inLanguage\":\"es\",\"potentialAction\":[{\"@type\":\"ReadAction\",\"target\":[\"https:\\\/\\\/bkfdeca.com\\\/\"]}]},{\"@type\":\"ImageObject\",\"inLanguage\":\"es\",\"@id\":\"https:\\\/\\\/bkfdeca.com\\\/#primaryimage\",\"url\":\"https:\\\/\\\/bkfdeca.com\\\/wp-content\\\/uploads\\\/2024\\\/07\\\/Bar.png\",\"contentUrl\":\"https:\\\/\\\/bkfdeca.com\\\/wp-content\\\/uploads\\\/2024\\\/07\\\/Bar.png\",\"width\":280,\"height\":302},{\"@type\":\"BreadcrumbList\",\"@id\":\"https:\\\/\\\/bkfdeca.com\\\/#breadcrumb\",\"itemListElement\":[{\"@type\":\"ListItem\",\"position\":1,\"name\":\"Portada\",\"item\":\"https:\\\/\\\/bkfdeca.com\\\/\"},{\"@type\":\"ListItem\",\"position\":2,\"name\":\"Home\"}]},{\"@type\":\"WebSite\",\"@id\":\"https:\\\/\\\/bkfdeca.com\\\/#website\",\"url\":\"https:\\\/\\\/bkfdeca.com\\\/\",\"name\":\"JPS\",\"description\":\"La empresa costarricense Jotape Soluciones fue creada en setiembre del a\u00f1o 2022 para continuar con la comercializaci\u00f3n y distribuci\u00f3n de los productos de limpieza estadounidenses marca Bar Keepers Friend y de los cepillos y felpas para taladros inal\u00e1mbricos marca DrillBrush.\u200b\",\"publisher\":{\"@id\":\"https:\\\/\\\/bkfdeca.com\\\/#organization\"},\"alternateName\":\"bkf\",\"potentialAction\":[{\"@type\":\"SearchAction\",\"target\":{\"@type\":\"EntryPoint\",\"urlTemplate\":\"https:\\\/\\\/bkfdeca.com\\\/?s={search_term_string}\"},\"query-input\":{\"@type\":\"PropertyValueSpecification\",\"valueRequired\":true,\"valueName\":\"search_term_string\"}}],\"inLanguage\":\"es\"},{\"@type\":\"Organization\",\"@id\":\"https:\\\/\\\/bkfdeca.com\\\/#organization\",\"name\":\"JPS\",\"alternateName\":\"BKF\",\"url\":\"https:\\\/\\\/bkfdeca.com\\\/\",\"logo\":{\"@type\":\"ImageObject\",\"inLanguage\":\"es\",\"@id\":\"https:\\\/\\\/bkfdeca.com\\\/#\\\/schema\\\/logo\\\/image\\\/\",\"url\":\"https:\\\/\\\/bkfdeca.com\\\/wp-content\\\/uploads\\\/2024\\\/06\\\/IMG-20240617-WA0038-e1718738935855.jpg\",\"contentUrl\":\"https:\\\/\\\/bkfdeca.com\\\/wp-content\\\/uploads\\\/2024\\\/06\\\/IMG-20240617-WA0038-e1718738935855.jpg\",\"width\":874,\"height\":676,\"caption\":\"JPS\"},\"image\":{\"@id\":\"https:\\\/\\\/bkfdeca.com\\\/#\\\/schema\\\/logo\\\/image\\\/\"},\"sameAs\":[\"https:\\\/\\\/www.facebook.com\\\/bkfcostarica?mibextid=ZbWKwL\",\"https:\\\/\\\/www.instagram.com\\\/bkfcostarica?igsh=a2I5YmdkcG0za3J5\"]}]}<\/script>\n<!-- \/ Yoast SEO plugin. -->","yoast_head_json":{"title":"Home - JPS","robots":{"index":"index","follow":"follow","max-snippet":"max-snippet:-1","max-image-preview":"max-image-preview:large","max-video-preview":"max-video-preview:-1"},"canonical":"https:\/\/bkfdeca.com\/","og_locale":"es_ES","og_type":"article","og_title":"Home - JPS","og_description":"Sobre Nosotros La empresa costarricense Jotape Soluciones fue creada en setiembre del a\u00f1o 2022 para continuar con la comercializaci\u00f3n y distribuci\u00f3n de los productos de limpieza estadounidenses marca Bar Keepers Friend y de los cepillos y felpas para taladros inal\u00e1mbricos marca DrillBrush.\u200b Misi\u00f3n Buscamos llevar soluciones definitivas, confiables y eficientes de limpieza y restauraci\u00f3n a ... Leer m\u00e1s","og_url":"https:\/\/bkfdeca.com\/","og_site_name":"JPS","article_publisher":"https:\/\/www.facebook.com\/bkfcostarica?mibextid=ZbWKwL","article_modified_time":"2024-07-21T00:48:39+00:00","og_image":[{"url":"https:\/\/bkfdeca.com\/wp-content\/uploads\/2024\/07\/Bar.png","type":"","width":"","height":""}],"twitter_card":"summary_large_image","twitter_misc":{"Tiempo de lectura":"1 minuto"},"schema":{"@context":"https:\/\/schema.org","@graph":[{"@type":"WebPage","@id":"https:\/\/bkfdeca.com\/","url":"https:\/\/bkfdeca.com\/","name":"Home - JPS","isPartOf":{"@id":"https:\/\/bkfdeca.com\/#website"},"primaryImageOfPage":{"@id":"https:\/\/bkfdeca.com\/#primaryimage"},"image":{"@id":"https:\/\/bkfdeca.com\/#primaryimage"},"thumbnailUrl":"https:\/\/bkfdeca.com\/wp-content\/uploads\/2024\/07\/Bar.png","datePublished":"2024-06-17T22:32:02+00:00","dateModified":"2024-07-21T00:48:39+00:00","breadcrumb":{"@id":"https:\/\/bkfdeca.com\/#breadcrumb"},"inLanguage":"es","potentialAction":[{"@type":"ReadAction","target":["https:\/\/bkfdeca.com\/"]}]},{"@type":"ImageObject","inLanguage":"es","@id":"https:\/\/bkfdeca.com\/#primaryimage","url":"https:\/\/bkfdeca.com\/wp-content\/uploads\/2024\/07\/Bar.png","contentUrl":"https:\/\/bkfdeca.com\/wp-content\/uploads\/2024\/07\/Bar.png","width":280,"height":302},{"@type":"BreadcrumbList","@id":"https:\/\/bkfdeca.com\/#breadcrumb","itemListElement":[{"@type":"ListItem","position":1,"name":"Portada","item":"https:\/\/bkfdeca.com\/"},{"@type":"ListItem","position":2,"name":"Home"}]},{"@type":"WebSite","@id":"https:\/\/bkfdeca.com\/#website","url":"https:\/\/bkfdeca.com\/","name":"JPS","description":"La empresa costarricense Jotape Soluciones fue creada en setiembre del a\u00f1o 2022 para continuar con la comercializaci\u00f3n y distribuci\u00f3n de los productos de limpieza estadounidenses marca Bar Keepers Friend y de los cepillos y felpas para taladros inal\u00e1mbricos marca DrillBrush.\u200b","publisher":{"@id":"https:\/\/bkfdeca.com\/#organization"},"alternateName":"bkf","potentialAction":[{"@type":"SearchAction","target":{"@type":"EntryPoint","urlTemplate":"https:\/\/bkfdeca.com\/?s={search_term_string}"},"query-input":{"@type":"PropertyValueSpecification","valueRequired":true,"valueName":"search_term_string"}}],"inLanguage":"es"},{"@type":"Organization","@id":"https:\/\/bkfdeca.com\/#organization","name":"JPS","alternateName":"BKF","url":"https:\/\/bkfdeca.com\/","logo":{"@type":"ImageObject","inLanguage":"es","@id":"https:\/\/bkfdeca.com\/#\/schema\/logo\/image\/","url":"https:\/\/bkfdeca.com\/wp-content\/uploads\/2024\/06\/IMG-20240617-WA0038-e1718738935855.jpg","contentUrl":"https:\/\/bkfdeca.com\/wp-content\/uploads\/2024\/06\/IMG-20240617-WA0038-e1718738935855.jpg","width":874,"height":676,"caption":"JPS"},"image":{"@id":"https:\/\/bkfdeca.com\/#\/schema\/logo\/image\/"},"sameAs":["https:\/\/www.facebook.com\/bkfcostarica?mibextid=ZbWKwL","https:\/\/www.instagram.com\/bkfcostarica?igsh=a2I5YmdkcG0za3J5"]}]}},"_links":{"self":[{"href":"https:\/\/bkfdeca.com\/index.php\/wp-json\/wp\/v2\/pages\/30","targetHints":{"allow":["GET"]}}],"collection":[{"href":"https:\/\/bkfdeca.com\/index.php\/wp-json\/wp\/v2\/pages"}],"about":[{"href":"https:\/\/bkfdeca.com\/index.php\/wp-json\/wp\/v2\/types\/page"}],"author":[{"embeddable":true,"href":"https:\/\/bkfdeca.com\/index.php\/wp-json\/wp\/v2\/users\/1"}],"replies":[{"embeddable":true,"href":"https:\/\/bkfdeca.com\/index.php\/wp-json\/wp\/v2\/comments?post=30"}],"version-history":[{"count":214,"href":"https:\/\/bkfdeca.com\/index.php\/wp-json\/wp\/v2\/pages\/30\/revisions"}],"predecessor-version":[{"id":953,"href":"https:\/\/bkfdeca.com\/index.php\/wp-json\/wp\/v2\/pages\/30\/revisions\/953"}],"wp:attachment":[{"href":"https:\/\/bkfdeca.com\/index.php\/wp-json\/wp\/v2\/media?parent=30"}],"curies":[{"name":"wp","href":"https:\/\/api.w.org\/{rel}","templated":true}]}}