{"id":11,"date":"2024-06-17T22:31:58","date_gmt":"2024-06-17T22:31:58","guid":{"rendered":"https:\/\/bkfdeca.com\/index.php\/contact-us\/"},"modified":"2024-07-14T20:29:07","modified_gmt":"2024-07-14T20:29:07","slug":"contact-us","status":"publish","type":"page","link":"https:\/\/bkfdeca.com\/index.php\/contact-us\/","title":{"rendered":"Contact Us"},"content":{"rendered":"\t\t<div data-elementor-type=\"wp-page\" data-elementor-id=\"11\" class=\"elementor elementor-11\" data-elementor-post-type=\"page\">\n\t\t\t\t\t\t<section class=\"elementor-section elementor-top-section elementor-element elementor-element-532781f8 elementor-section-content-middle elementor-section-height-min-height elementor-section-items-stretch elementor-section-boxed elementor-section-height-default\" data-id=\"532781f8\" data-element_type=\"section\" data-e-type=\"section\">\n\t\t\t\t\t\t<div class=\"elementor-container elementor-column-gap-no\">\n\t\t\t\t\t<div class=\"elementor-column elementor-col-50 elementor-top-column elementor-element elementor-element-5d7eefb\" data-id=\"5d7eefb\" data-element_type=\"column\" data-e-type=\"column\">\n\t\t\t<div class=\"elementor-widget-wrap elementor-element-populated\">\n\t\t\t\t\t\t<div class=\"elementor-element elementor-element-d00dd74 elementor-widget elementor-widget-heading\" data-id=\"d00dd74\" data-element_type=\"widget\" data-e-type=\"widget\" data-widget_type=\"heading.default\">\n\t\t\t\t<div class=\"elementor-widget-container\">\n\t\t\t\t\t<h2 class=\"elementor-heading-title elementor-size-default\">Cont\u00e1ctenos <\/h2>\t\t\t\t<\/div>\n\t\t\t\t<\/div>\n\t\t\t\t<div class=\"elementor-element elementor-element-8bfec8c elementor-widget__width-initial elementor-widget elementor-widget-text-editor\" data-id=\"8bfec8c\" data-element_type=\"widget\" data-e-type=\"widget\" data-widget_type=\"text-editor.default\">\n\t\t\t\t<div class=\"elementor-widget-container\">\n\t\t\t\t\t\t\t\t\t<p>\u00a0<\/p><p><strong>Direcci\u00f3n<\/strong>:\u00a0\u00a0Sabana Oeste, San Jose Costa Rica<strong>.\u00a0<\/strong><\/p><p><strong>Horario:<\/strong> Lunes &#8211; S\u00e1bado 9:00AM &#8211; 5:00PM<\/p><p><strong>Tel\u00e9fono: <\/strong>+506-8664-6494 \/ +506-8812-8954<\/p><p><strong>WhatsApp<\/strong>: +506-8666-1444<\/p><p><strong>Correo electr\u00f3nico: <\/strong>jparedes@bkfdeca.com \/ jpsoler@bkfdeca.com<\/p>\t\t\t\t\t\t\t\t<\/div>\n\t\t\t\t<\/div>\n\t\t\t\t\t<\/div>\n\t\t<\/div>\n\t\t\t\t<div class=\"elementor-column elementor-col-50 elementor-top-column elementor-element elementor-element-5f0c8883\" data-id=\"5f0c8883\" data-element_type=\"column\" data-e-type=\"column\" data-settings=\"{&quot;background_background&quot;:&quot;classic&quot;}\">\n\t\t\t<div class=\"elementor-widget-wrap elementor-element-populated\">\n\t\t\t\t\t\t<div class=\"elementor-element elementor-element-34d162a elementor-widget__width-initial elementor-widget elementor-widget-image\" data-id=\"34d162a\" data-element_type=\"widget\" data-e-type=\"widget\" data-widget_type=\"image.default\">\n\t\t\t\t<div class=\"elementor-widget-container\">\n\t\t\t\t\t\t\t\t\t\t\t\t\t\t\t<img fetchpriority=\"high\" decoding=\"async\" width=\"1920\" height=\"2560\" src=\"https:\/\/bkfdeca.com\/wp-content\/uploads\/2024\/06\/IMG-20240625-WA0005-scaled.jpg\" class=\"attachment-full size-full wp-image-456\" alt=\"\" srcset=\"https:\/\/bkfdeca.com\/wp-content\/uploads\/2024\/06\/IMG-20240625-WA0005-scaled.jpg 1920w, https:\/\/bkfdeca.com\/wp-content\/uploads\/2024\/06\/IMG-20240625-WA0005-225x300.jpg 225w, https:\/\/bkfdeca.com\/wp-content\/uploads\/2024\/06\/IMG-20240625-WA0005-768x1024.jpg 768w, https:\/\/bkfdeca.com\/wp-content\/uploads\/2024\/06\/IMG-20240625-WA0005-1152x1536.jpg 1152w, https:\/\/bkfdeca.com\/wp-content\/uploads\/2024\/06\/IMG-20240625-WA0005-1536x2048.jpg 1536w\" sizes=\"(max-width: 1920px) 100vw, 1920px\" \/>\t\t\t\t\t\t\t\t\t\t\t\t\t\t\t<\/div>\n\t\t\t\t<\/div>\n\t\t\t\t<div class=\"elementor-element elementor-element-49a5e44 elementor-widget elementor-widget-spacer\" data-id=\"49a5e44\" data-element_type=\"widget\" data-e-type=\"widget\" data-widget_type=\"spacer.default\">\n\t\t\t\t<div class=\"elementor-widget-container\">\n\t\t\t\t\t\t\t<div class=\"elementor-spacer\">\n\t\t\t<div class=\"elementor-spacer-inner\"><\/div>\n\t\t<\/div>\n\t\t\t\t\t\t<\/div>\n\t\t\t\t<\/div>\n\t\t\t\t\t<\/div>\n\t\t<\/div>\n\t\t\t\t\t<\/div>\n\t\t<\/section>\n\t\t\t\t<section class=\"elementor-section elementor-top-section elementor-element elementor-element-3c1e76b elementor-section-boxed elementor-section-height-default elementor-section-height-default\" data-id=\"3c1e76b\" data-element_type=\"section\" data-e-type=\"section\">\n\t\t\t\t\t\t<div class=\"elementor-container elementor-column-gap-default\">\n\t\t\t\t\t<div class=\"elementor-column elementor-col-100 elementor-top-column elementor-element elementor-element-2813a2d\" data-id=\"2813a2d\" data-element_type=\"column\" data-e-type=\"column\">\n\t\t\t<div class=\"elementor-widget-wrap elementor-element-populated\">\n\t\t\t\t\t\t<div class=\"elementor-element elementor-element-aa11245 elementor-widget elementor-widget-spacer\" data-id=\"aa11245\" data-element_type=\"widget\" data-e-type=\"widget\" data-widget_type=\"spacer.default\">\n\t\t\t\t<div class=\"elementor-widget-container\">\n\t\t\t\t\t\t\t<div class=\"elementor-spacer\">\n\t\t\t<div class=\"elementor-spacer-inner\"><\/div>\n\t\t<\/div>\n\t\t\t\t\t\t<\/div>\n\t\t\t\t<\/div>\n\t\t\t\t<div class=\"elementor-element elementor-element-f0ddede elementor-invisible elementor-widget elementor-widget-heading\" data-id=\"f0ddede\" data-element_type=\"widget\" data-e-type=\"widget\" data-settings=\"{&quot;_animation&quot;:&quot;fadeIn&quot;}\" data-widget_type=\"heading.default\">\n\t\t\t\t<div class=\"elementor-widget-container\">\n\t\t\t\t\t<h2 class=\"elementor-heading-title elementor-size-default\"><a href=\"https:\/\/bkfdeca.com\/\">Ubicaci\u00f3n <\/a><\/h2>\t\t\t\t<\/div>\n\t\t\t\t<\/div>\n\t\t\t\t<div class=\"elementor-element elementor-element-4414ec3 elementor-widget elementor-widget-google_maps\" data-id=\"4414ec3\" data-element_type=\"widget\" data-e-type=\"widget\" data-widget_type=\"google_maps.default\">\n\t\t\t\t<div class=\"elementor-widget-container\">\n\t\t\t\t\t\t\t<div class=\"elementor-custom-embed\">\n\t\t\t<iframe loading=\"lazy\"\n\t\t\t\t\tsrc=\"https:\/\/maps.google.com\/maps?q=9.932878%2C%20-84.118494&#038;t=m&#038;z=18&#038;output=embed&#038;iwloc=near\"\n\t\t\t\t\ttitle=\"9.932878, -84.118494\"\n\t\t\t\t\taria-label=\"9.932878, -84.118494\"\n\t\t\t><\/iframe>\n\t\t<\/div>\n\t\t\t\t\t\t<\/div>\n\t\t\t\t<\/div>\n\t\t\t\t\t<\/div>\n\t\t<\/div>\n\t\t\t\t\t<\/div>\n\t\t<\/section>\n\t\t\t\t<section class=\"elementor-section elementor-top-section elementor-element elementor-element-8ca90c9 elementor-section-boxed elementor-section-height-default elementor-section-height-default\" data-id=\"8ca90c9\" data-element_type=\"section\" data-e-type=\"section\">\n\t\t\t\t\t\t<div class=\"elementor-container elementor-column-gap-default\">\n\t\t\t\t\t<div class=\"elementor-column elementor-col-100 elementor-top-column elementor-element elementor-element-de7ea21\" data-id=\"de7ea21\" data-element_type=\"column\" data-e-type=\"column\">\n\t\t\t<div class=\"elementor-widget-wrap elementor-element-populated\">\n\t\t\t\t\t\t<div class=\"elementor-element elementor-element-fc7a2fc elementor-widget elementor-widget-spacer\" data-id=\"fc7a2fc\" data-element_type=\"widget\" data-e-type=\"widget\" data-widget_type=\"spacer.default\">\n\t\t\t\t<div class=\"elementor-widget-container\">\n\t\t\t\t\t\t\t<div class=\"elementor-spacer\">\n\t\t\t<div class=\"elementor-spacer-inner\"><\/div>\n\t\t<\/div>\n\t\t\t\t\t\t<\/div>\n\t\t\t\t<\/div>\n\t\t\t\t<div class=\"elementor-element elementor-element-6eb339a elementor-widget-divider--view-line elementor-widget elementor-widget-divider\" data-id=\"6eb339a\" data-element_type=\"widget\" data-e-type=\"widget\" data-widget_type=\"divider.default\">\n\t\t\t\t<div class=\"elementor-widget-container\">\n\t\t\t\t\t\t\t<div class=\"elementor-divider\">\n\t\t\t<span class=\"elementor-divider-separator\">\n\t\t\t\t\t\t<\/span>\n\t\t<\/div>\n\t\t\t\t\t\t<\/div>\n\t\t\t\t<\/div>\n\t\t\t\t<div class=\"elementor-element elementor-element-f131278 elementor-invisible elementor-widget elementor-widget-heading\" data-id=\"f131278\" data-element_type=\"widget\" data-e-type=\"widget\" data-settings=\"{&quot;_animation&quot;:&quot;fadeIn&quot;}\" data-widget_type=\"heading.default\">\n\t\t\t\t<div class=\"elementor-widget-container\">\n\t\t\t\t\t<h2 class=\"elementor-heading-title elementor-size-default\">Formulario<\/h2>\t\t\t\t<\/div>\n\t\t\t\t<\/div>\n\t\t\t\t<div class=\"elementor-element elementor-element-7584ac7 elementor-button-align-stretch elementor-widget elementor-widget-form\" data-id=\"7584ac7\" data-element_type=\"widget\" data-e-type=\"widget\" data-settings=\"{&quot;step_next_label&quot;:&quot;Siguiente&quot;,&quot;step_previous_label&quot;:&quot;Anterior&quot;,&quot;button_width&quot;:&quot;100&quot;,&quot;step_type&quot;:&quot;number_text&quot;,&quot;step_icon_shape&quot;:&quot;circle&quot;}\" data-widget_type=\"form.default\">\n\t\t\t\t<div class=\"elementor-widget-container\">\n\t\t\t\t\t\t\t<form class=\"elementor-form\" method=\"post\" name=\"Nuevo formulario\">\n\t\t\t<input type=\"hidden\" name=\"post_id\" value=\"11\"\/>\n\t\t\t<input type=\"hidden\" name=\"form_id\" value=\"7584ac7\"\/>\n\t\t\t<input type=\"hidden\" name=\"referer_title\" value=\"Contact Us - JPS\" \/>\n\n\t\t\t\t\t\t\t<input type=\"hidden\" name=\"queried_id\" value=\"11\"\/>\n\t\t\t\n\t\t\t<div class=\"elementor-form-fields-wrapper elementor-labels-above\">\n\t\t\t\t\t\t\t\t<div class=\"elementor-field-type-text elementor-field-group elementor-column elementor-field-group-name elementor-col-100\">\n\t\t\t\t\t\t\t\t\t\t\t\t<label for=\"form-field-name\" class=\"elementor-field-label\">\n\t\t\t\t\t\t\t\tNombre\t\t\t\t\t\t\t<\/label>\n\t\t\t\t\t\t\t\t\t\t\t\t\t\t<input size=\"1\" type=\"text\" name=\"form_fields[name]\" id=\"form-field-name\" class=\"elementor-field elementor-size-sm  elementor-field-textual\" placeholder=\"Nombre\">\n\t\t\t\t\t\t\t\t\t\t\t<\/div>\n\t\t\t\t\t\t\t\t<div class=\"elementor-field-type-email elementor-field-group elementor-column elementor-field-group-email elementor-col-100 elementor-field-required\">\n\t\t\t\t\t\t\t\t\t\t\t\t<label for=\"form-field-email\" class=\"elementor-field-label\">\n\t\t\t\t\t\t\t\tCorreo electr\u00f3nico\t\t\t\t\t\t\t<\/label>\n\t\t\t\t\t\t\t\t\t\t\t\t\t\t<input size=\"1\" type=\"email\" name=\"form_fields[email]\" id=\"form-field-email\" class=\"elementor-field elementor-size-sm  elementor-field-textual\" placeholder=\"Correo electr\u00f3nico\" required=\"required\">\n\t\t\t\t\t\t\t\t\t\t\t<\/div>\n\t\t\t\t\t\t\t\t<div class=\"elementor-field-type-textarea elementor-field-group elementor-column elementor-field-group-message elementor-col-100\">\n\t\t\t\t\t\t\t\t\t\t\t\t<label for=\"form-field-message\" class=\"elementor-field-label\">\n\t\t\t\t\t\t\t\tMensaje\t\t\t\t\t\t\t<\/label>\n\t\t\t\t\t\t<textarea class=\"elementor-field-textual elementor-field  elementor-size-sm\" name=\"form_fields[message]\" id=\"form-field-message\" rows=\"4\" placeholder=\"Mensaje\"><\/textarea>\t\t\t\t<\/div>\n\t\t\t\t\t\t\t\t<div class=\"elementor-field-group elementor-column elementor-field-type-submit elementor-col-100 e-form__buttons\">\n\t\t\t\t\t<button class=\"elementor-button elementor-size-sm\" type=\"submit\">\n\t\t\t\t\t\t<span class=\"elementor-button-content-wrapper\">\n\t\t\t\t\t\t\t\t\t\t\t\t\t\t\t\t\t\t\t\t\t\t<span class=\"elementor-button-text\">Enviar<\/span>\n\t\t\t\t\t\t\t\t\t\t\t\t\t<\/span>\n\t\t\t\t\t<\/button>\n\t\t\t\t<\/div>\n\t\t\t<\/div>\n\t\t<\/form>\n\t\t\t\t\t\t<\/div>\n\t\t\t\t<\/div>\n\t\t\t\t<div class=\"elementor-element elementor-element-38348f3 elementor-widget elementor-widget-spacer\" data-id=\"38348f3\" data-element_type=\"widget\" data-e-type=\"widget\" data-widget_type=\"spacer.default\">\n\t\t\t\t<div class=\"elementor-widget-container\">\n\t\t\t\t\t\t\t<div class=\"elementor-spacer\">\n\t\t\t<div class=\"elementor-spacer-inner\"><\/div>\n\t\t<\/div>\n\t\t\t\t\t\t<\/div>\n\t\t\t\t<\/div>\n\t\t\t\t\t<\/div>\n\t\t<\/div>\n\t\t\t\t\t<\/div>\n\t\t<\/section>\n\t\t\t\t<\/div>\n\t\t","protected":false},"excerpt":{"rendered":"<p>Cont\u00e1ctenos \u00a0 Direcci\u00f3n:\u00a0\u00a0Sabana Oeste, San Jose Costa Rica.\u00a0 Horario: Lunes &#8211; S\u00e1bado 9:00AM &#8211; 5:00PM Tel\u00e9fono: +506-8664-6494 \/ +506-8812-8954 WhatsApp: +506-8666-1444 Correo electr\u00f3nico: jparedes@bkfdeca.com \/ jpsoler@bkfdeca.com Ubicaci\u00f3n Formulario<\/p>\n","protected":false},"author":1,"featured_media":0,"parent":0,"menu_order":0,"comment_status":"closed","ping_status":"closed","template":"elementor_header_footer","meta":{"footnotes":""},"class_list":["post-11","page","type-page","status-publish"],"yoast_head":"<!-- This site is optimized with the Yoast SEO plugin v27.4 - https:\/\/yoast.com\/product\/yoast-seo-wordpress\/ -->\n<title>Contact Us - JPS<\/title>\n<meta name=\"robots\" content=\"index, follow, max-snippet:-1, max-image-preview:large, max-video-preview:-1\" \/>\n<link rel=\"canonical\" href=\"https:\/\/bkfdeca.com\/index.php\/contact-us\/\" \/>\n<meta property=\"og:locale\" content=\"es_ES\" \/>\n<meta property=\"og:type\" content=\"article\" \/>\n<meta property=\"og:title\" content=\"Contact Us - JPS\" \/>\n<meta property=\"og:description\" content=\"Cont\u00e1ctenos \u00a0 Direcci\u00f3n:\u00a0\u00a0Sabana Oeste, San Jose Costa Rica.\u00a0 Horario: Lunes &#8211; S\u00e1bado 9:00AM &#8211; 5:00PM Tel\u00e9fono: +506-8664-6494 \/ +506-8812-8954 WhatsApp: +506-8666-1444 Correo electr\u00f3nico: jparedes@bkfdeca.com \/ jpsoler@bkfdeca.com Ubicaci\u00f3n Formulario\" \/>\n<meta property=\"og:url\" content=\"https:\/\/bkfdeca.com\/index.php\/contact-us\/\" \/>\n<meta property=\"og:site_name\" content=\"JPS\" \/>\n<meta property=\"article:publisher\" content=\"https:\/\/www.facebook.com\/bkfcostarica?mibextid=ZbWKwL\" \/>\n<meta property=\"article:modified_time\" content=\"2024-07-14T20:29:07+00:00\" \/>\n<meta property=\"og:image\" content=\"https:\/\/bkfdeca.com\/wp-content\/uploads\/2024\/06\/IMG-20240625-WA0005-scaled.jpg\" \/>\n<meta name=\"twitter:card\" content=\"summary_large_image\" \/>\n<meta name=\"twitter:label1\" content=\"Tiempo de lectura\" \/>\n\t<meta name=\"twitter:data1\" content=\"1 minuto\" \/>\n<script type=\"application\/ld+json\" class=\"yoast-schema-graph\">{\"@context\":\"https:\\\/\\\/schema.org\",\"@graph\":[{\"@type\":\"WebPage\",\"@id\":\"https:\\\/\\\/bkfdeca.com\\\/index.php\\\/contact-us\\\/\",\"url\":\"https:\\\/\\\/bkfdeca.com\\\/index.php\\\/contact-us\\\/\",\"name\":\"Contact Us - JPS\",\"isPartOf\":{\"@id\":\"https:\\\/\\\/bkfdeca.com\\\/#website\"},\"primaryImageOfPage\":{\"@id\":\"https:\\\/\\\/bkfdeca.com\\\/index.php\\\/contact-us\\\/#primaryimage\"},\"image\":{\"@id\":\"https:\\\/\\\/bkfdeca.com\\\/index.php\\\/contact-us\\\/#primaryimage\"},\"thumbnailUrl\":\"https:\\\/\\\/bkfdeca.com\\\/wp-content\\\/uploads\\\/2024\\\/06\\\/IMG-20240625-WA0005-scaled.jpg\",\"datePublished\":\"2024-06-17T22:31:58+00:00\",\"dateModified\":\"2024-07-14T20:29:07+00:00\",\"breadcrumb\":{\"@id\":\"https:\\\/\\\/bkfdeca.com\\\/index.php\\\/contact-us\\\/#breadcrumb\"},\"inLanguage\":\"es\",\"potentialAction\":[{\"@type\":\"ReadAction\",\"target\":[\"https:\\\/\\\/bkfdeca.com\\\/index.php\\\/contact-us\\\/\"]}]},{\"@type\":\"ImageObject\",\"inLanguage\":\"es\",\"@id\":\"https:\\\/\\\/bkfdeca.com\\\/index.php\\\/contact-us\\\/#primaryimage\",\"url\":\"https:\\\/\\\/bkfdeca.com\\\/wp-content\\\/uploads\\\/2024\\\/06\\\/IMG-20240625-WA0005-scaled.jpg\",\"contentUrl\":\"https:\\\/\\\/bkfdeca.com\\\/wp-content\\\/uploads\\\/2024\\\/06\\\/IMG-20240625-WA0005-scaled.jpg\",\"width\":1920,\"height\":2560},{\"@type\":\"BreadcrumbList\",\"@id\":\"https:\\\/\\\/bkfdeca.com\\\/index.php\\\/contact-us\\\/#breadcrumb\",\"itemListElement\":[{\"@type\":\"ListItem\",\"position\":1,\"name\":\"Portada\",\"item\":\"https:\\\/\\\/bkfdeca.com\\\/\"},{\"@type\":\"ListItem\",\"position\":2,\"name\":\"Contact Us\"}]},{\"@type\":\"WebSite\",\"@id\":\"https:\\\/\\\/bkfdeca.com\\\/#website\",\"url\":\"https:\\\/\\\/bkfdeca.com\\\/\",\"name\":\"JPS\",\"description\":\"La empresa costarricense Jotape Soluciones fue creada en setiembre del a\u00f1o 2022 para continuar con la comercializaci\u00f3n y distribuci\u00f3n de los productos de limpieza estadounidenses marca Bar Keepers Friend y de los cepillos y felpas para taladros inal\u00e1mbricos marca DrillBrush.\u200b\",\"publisher\":{\"@id\":\"https:\\\/\\\/bkfdeca.com\\\/#organization\"},\"alternateName\":\"bkf\",\"potentialAction\":[{\"@type\":\"SearchAction\",\"target\":{\"@type\":\"EntryPoint\",\"urlTemplate\":\"https:\\\/\\\/bkfdeca.com\\\/?s={search_term_string}\"},\"query-input\":{\"@type\":\"PropertyValueSpecification\",\"valueRequired\":true,\"valueName\":\"search_term_string\"}}],\"inLanguage\":\"es\"},{\"@type\":\"Organization\",\"@id\":\"https:\\\/\\\/bkfdeca.com\\\/#organization\",\"name\":\"JPS\",\"alternateName\":\"BKF\",\"url\":\"https:\\\/\\\/bkfdeca.com\\\/\",\"logo\":{\"@type\":\"ImageObject\",\"inLanguage\":\"es\",\"@id\":\"https:\\\/\\\/bkfdeca.com\\\/#\\\/schema\\\/logo\\\/image\\\/\",\"url\":\"https:\\\/\\\/bkfdeca.com\\\/wp-content\\\/uploads\\\/2024\\\/06\\\/IMG-20240617-WA0038-e1718738935855.jpg\",\"contentUrl\":\"https:\\\/\\\/bkfdeca.com\\\/wp-content\\\/uploads\\\/2024\\\/06\\\/IMG-20240617-WA0038-e1718738935855.jpg\",\"width\":874,\"height\":676,\"caption\":\"JPS\"},\"image\":{\"@id\":\"https:\\\/\\\/bkfdeca.com\\\/#\\\/schema\\\/logo\\\/image\\\/\"},\"sameAs\":[\"https:\\\/\\\/www.facebook.com\\\/bkfcostarica?mibextid=ZbWKwL\",\"https:\\\/\\\/www.instagram.com\\\/bkfcostarica?igsh=a2I5YmdkcG0za3J5\"]}]}<\/script>\n<!-- \/ Yoast SEO plugin. -->","yoast_head_json":{"title":"Contact Us - JPS","robots":{"index":"index","follow":"follow","max-snippet":"max-snippet:-1","max-image-preview":"max-image-preview:large","max-video-preview":"max-video-preview:-1"},"canonical":"https:\/\/bkfdeca.com\/index.php\/contact-us\/","og_locale":"es_ES","og_type":"article","og_title":"Contact Us - JPS","og_description":"Cont\u00e1ctenos \u00a0 Direcci\u00f3n:\u00a0\u00a0Sabana Oeste, San Jose Costa Rica.\u00a0 Horario: Lunes &#8211; S\u00e1bado 9:00AM &#8211; 5:00PM Tel\u00e9fono: +506-8664-6494 \/ +506-8812-8954 WhatsApp: +506-8666-1444 Correo electr\u00f3nico: jparedes@bkfdeca.com \/ jpsoler@bkfdeca.com Ubicaci\u00f3n Formulario","og_url":"https:\/\/bkfdeca.com\/index.php\/contact-us\/","og_site_name":"JPS","article_publisher":"https:\/\/www.facebook.com\/bkfcostarica?mibextid=ZbWKwL","article_modified_time":"2024-07-14T20:29:07+00:00","og_image":[{"url":"https:\/\/bkfdeca.com\/wp-content\/uploads\/2024\/06\/IMG-20240625-WA0005-scaled.jpg","type":"","width":"","height":""}],"twitter_card":"summary_large_image","twitter_misc":{"Tiempo de lectura":"1 minuto"},"schema":{"@context":"https:\/\/schema.org","@graph":[{"@type":"WebPage","@id":"https:\/\/bkfdeca.com\/index.php\/contact-us\/","url":"https:\/\/bkfdeca.com\/index.php\/contact-us\/","name":"Contact Us - JPS","isPartOf":{"@id":"https:\/\/bkfdeca.com\/#website"},"primaryImageOfPage":{"@id":"https:\/\/bkfdeca.com\/index.php\/contact-us\/#primaryimage"},"image":{"@id":"https:\/\/bkfdeca.com\/index.php\/contact-us\/#primaryimage"},"thumbnailUrl":"https:\/\/bkfdeca.com\/wp-content\/uploads\/2024\/06\/IMG-20240625-WA0005-scaled.jpg","datePublished":"2024-06-17T22:31:58+00:00","dateModified":"2024-07-14T20:29:07+00:00","breadcrumb":{"@id":"https:\/\/bkfdeca.com\/index.php\/contact-us\/#breadcrumb"},"inLanguage":"es","potentialAction":[{"@type":"ReadAction","target":["https:\/\/bkfdeca.com\/index.php\/contact-us\/"]}]},{"@type":"ImageObject","inLanguage":"es","@id":"https:\/\/bkfdeca.com\/index.php\/contact-us\/#primaryimage","url":"https:\/\/bkfdeca.com\/wp-content\/uploads\/2024\/06\/IMG-20240625-WA0005-scaled.jpg","contentUrl":"https:\/\/bkfdeca.com\/wp-content\/uploads\/2024\/06\/IMG-20240625-WA0005-scaled.jpg","width":1920,"height":2560},{"@type":"BreadcrumbList","@id":"https:\/\/bkfdeca.com\/index.php\/contact-us\/#breadcrumb","itemListElement":[{"@type":"ListItem","position":1,"name":"Portada","item":"https:\/\/bkfdeca.com\/"},{"@type":"ListItem","position":2,"name":"Contact Us"}]},{"@type":"WebSite","@id":"https:\/\/bkfdeca.com\/#website","url":"https:\/\/bkfdeca.com\/","name":"JPS","description":"La empresa costarricense Jotape Soluciones fue creada en setiembre del a\u00f1o 2022 para continuar con la comercializaci\u00f3n y distribuci\u00f3n de los productos de limpieza estadounidenses marca Bar Keepers Friend y de los cepillos y felpas para taladros inal\u00e1mbricos marca DrillBrush.\u200b","publisher":{"@id":"https:\/\/bkfdeca.com\/#organization"},"alternateName":"bkf","potentialAction":[{"@type":"SearchAction","target":{"@type":"EntryPoint","urlTemplate":"https:\/\/bkfdeca.com\/?s={search_term_string}"},"query-input":{"@type":"PropertyValueSpecification","valueRequired":true,"valueName":"search_term_string"}}],"inLanguage":"es"},{"@type":"Organization","@id":"https:\/\/bkfdeca.com\/#organization","name":"JPS","alternateName":"BKF","url":"https:\/\/bkfdeca.com\/","logo":{"@type":"ImageObject","inLanguage":"es","@id":"https:\/\/bkfdeca.com\/#\/schema\/logo\/image\/","url":"https:\/\/bkfdeca.com\/wp-content\/uploads\/2024\/06\/IMG-20240617-WA0038-e1718738935855.jpg","contentUrl":"https:\/\/bkfdeca.com\/wp-content\/uploads\/2024\/06\/IMG-20240617-WA0038-e1718738935855.jpg","width":874,"height":676,"caption":"JPS"},"image":{"@id":"https:\/\/bkfdeca.com\/#\/schema\/logo\/image\/"},"sameAs":["https:\/\/www.facebook.com\/bkfcostarica?mibextid=ZbWKwL","https:\/\/www.instagram.com\/bkfcostarica?igsh=a2I5YmdkcG0za3J5"]}]}},"_links":{"self":[{"href":"https:\/\/bkfdeca.com\/index.php\/wp-json\/wp\/v2\/pages\/11","targetHints":{"allow":["GET"]}}],"collection":[{"href":"https:\/\/bkfdeca.com\/index.php\/wp-json\/wp\/v2\/pages"}],"about":[{"href":"https:\/\/bkfdeca.com\/index.php\/wp-json\/wp\/v2\/types\/page"}],"author":[{"embeddable":true,"href":"https:\/\/bkfdeca.com\/index.php\/wp-json\/wp\/v2\/users\/1"}],"replies":[{"embeddable":true,"href":"https:\/\/bkfdeca.com\/index.php\/wp-json\/wp\/v2\/comments?post=11"}],"version-history":[{"count":82,"href":"https:\/\/bkfdeca.com\/index.php\/wp-json\/wp\/v2\/pages\/11\/revisions"}],"predecessor-version":[{"id":775,"href":"https:\/\/bkfdeca.com\/index.php\/wp-json\/wp\/v2\/pages\/11\/revisions\/775"}],"wp:attachment":[{"href":"https:\/\/bkfdeca.com\/index.php\/wp-json\/wp\/v2\/media?parent=11"}],"curies":[{"name":"wp","href":"https:\/\/api.w.org\/{rel}","templated":true}]}}